{"id":287,"date":"2017-06-12T16:27:35","date_gmt":"2017-06-12T14:27:35","guid":{"rendered":"http:\/\/omsvillejuif.fr\/blog\/?page_id=287"},"modified":"2020-06-19T15:32:48","modified_gmt":"2020-06-19T13:32:48","slug":"v-athlon-villejuif-triathlon","status":"publish","type":"page","link":"https:\/\/omsvillejuif.fr\/blog\/liste-des-clubs-adherents\/v-athlon-villejuif-triathlon\/","title":{"rendered":"V ATHLON &#8211; Villejuif Triathlon"},"content":{"rendered":"<p><img loading=\"lazy\" decoding=\"async\" class=\"wp-image-389 size-large alignleft\" src=\"http:\/\/omsvillejuif.fr\/blog\/wp-content\/uploads\/2017\/06\/DSCF5325-1024x768.jpg\" alt=\"\" width=\"625\" height=\"469\" srcset=\"https:\/\/omsvillejuif.fr\/blog\/wp-content\/uploads\/2017\/06\/DSCF5325-1024x768.jpg 1024w, https:\/\/omsvillejuif.fr\/blog\/wp-content\/uploads\/2017\/06\/DSCF5325-300x225.jpg 300w, https:\/\/omsvillejuif.fr\/blog\/wp-content\/uploads\/2017\/06\/DSCF5325-768x576.jpg 768w, https:\/\/omsvillejuif.fr\/blog\/wp-content\/uploads\/2017\/06\/DSCF5325-624x468.jpg 624w\" sizes=\"auto, (max-width: 625px) 100vw, 625px\" \/><\/p>\n<p>&nbsp;<\/p>\n<p><strong>Contact<\/strong><\/p>\n<p>S\u00e9verine Lanoue<br \/>\nPr\u00e9sidente<br \/>\n<a title=\"Adresse Email du club\" href=\"mailto:diags23@hotmail.fr\" target=\"_blank\" rel=\"noopener noreferrer\"><img loading=\"lazy\" decoding=\"async\" class=\"alignnone wp-image-93\" src=\"http:\/\/omsvillejuif.fr\/blog\/wp-content\/uploads\/2017\/05\/Email.png\" alt=\"\" width=\"43\" height=\"43\" \/><\/a><br \/>\n<a title=\"Site web du club\" href=\"http:\/\/www.v-athlon.eklablog.com\" target=\"_blank\" rel=\"noopener noreferrer\"><img loading=\"lazy\" decoding=\"async\" class=\"alignnone wp-image-95\" src=\"http:\/\/omsvillejuif.fr\/blog\/wp-content\/uploads\/2017\/05\/site-web.png\" alt=\"\" width=\"43\" height=\"43\" srcset=\"https:\/\/omsvillejuif.fr\/blog\/wp-content\/uploads\/2017\/05\/site-web.png 250w, https:\/\/omsvillejuif.fr\/blog\/wp-content\/uploads\/2017\/05\/site-web-150x150.png 150w\" sizes=\"auto, (max-width: 43px) 100vw, 43px\" \/><\/a><a title=\"Page Facebook du club\" href=\"https:\/\/www.facebook.com\/vtriathlon\/\" target=\"_blank\" rel=\"noopener noreferrer\"><img loading=\"lazy\" decoding=\"async\" class=\"alignnone wp-image-94\" src=\"http:\/\/omsvillejuif.fr\/blog\/wp-content\/uploads\/2017\/05\/facebook-logo-4-300x300.png\" alt=\"\" width=\"43\" height=\"43\" srcset=\"https:\/\/omsvillejuif.fr\/blog\/wp-content\/uploads\/2017\/05\/facebook-logo-4-300x300.png 300w, https:\/\/omsvillejuif.fr\/blog\/wp-content\/uploads\/2017\/05\/facebook-logo-4-150x150.png 150w, https:\/\/omsvillejuif.fr\/blog\/wp-content\/uploads\/2017\/05\/facebook-logo-4-768x768.png 768w, https:\/\/omsvillejuif.fr\/blog\/wp-content\/uploads\/2017\/05\/facebook-logo-4-624x624.png 624w, https:\/\/omsvillejuif.fr\/blog\/wp-content\/uploads\/2017\/05\/facebook-logo-4.png 1024w\" sizes=\"auto, (max-width: 43px) 100vw, 43px\" \/><\/a><\/p>\n<p>&nbsp;<\/p>\n<p>&nbsp;<\/p>\n<p>&nbsp;<\/p>\n<p>&nbsp;<\/p>\n<p>&nbsp;<\/p>\n<p><strong>Descriptif de l\u2019association<\/strong><\/p>\n<p>Nous vous accompagnons dans la pr\u00e9paration d&rsquo;un d\u00e9fi ou la volont\u00e9 d&rsquo;une pratique r\u00e9guli\u00e8re du\u00a0<strong>Triathlon<\/strong>, qui est la combinaison de trois sports diff\u00e9rents : natation, cyclisme (sur route ou VTT) et course \u00e0 pied. Il se pratique en indoor (piscine) ou en plein air (lac, rivi\u00e8re, mer). En individuel, il y a aussi l\u2019<strong>Aquathlon<\/strong>\u00a0(encha\u00eenement de la natation et de la course \u00e0 pied), le\u00a0<strong>Duathlon<\/strong>\u00a0(encha\u00eenement de course \u00e0 pied, v\u00e9lo et course \u00e0 pied).<\/p>\n<p>Le <strong>Triathlon<\/strong> peut \u00e9galement s\u2019effectuer <strong>\u00ab\u00a0en relais\u00a0\u00bb<\/strong> avec 2 ou 3 relayeurs. Il y a aussi le <strong>Swimrun<\/strong>\u00a0: encha\u00eenement d&rsquo;alternances de course \u00e0 pied et natation en bin\u00f4me unis par une corde \u00e9lastique pendant les 2 disciplines. Et le <strong>Bike and Run<\/strong>\u00a0(<em>Epreuve pr\u00e9sente au 5km de la Corrida de Villejuif du 11\/10\/2020<\/em>) qui se pratique \u00e0 deux avec \u00e9change de position cycliste\/coureur sur une distance donn\u00e9e.<\/p>\n<p>Nous avons une <strong>\u00e9cole de triathlon<\/strong> pour les plus jeunes, et sommes form\u00e9s <strong>Paratriathlon<\/strong> pour les sportifs porteurs de handicap qui souhaitent d\u00e9couvrir les disciplines encha\u00een\u00e9es.<\/p>\n<p><strong>Nouveaut\u00e9\u00a0<\/strong><\/p>\n<p>Nous ouvrons une section <strong>Triathlon Sant\u00e9<\/strong> pour ceux qui souhaitent red\u00e9marrer une activit\u00e9 sportive avec ou sans pathologie particuli\u00e8re.<\/p>\n<p><strong>Informations sp\u00e9cifiques<\/strong><\/p>\n<p>Fournir un certificat m\u00e9dical de non contre-indication \u00e0 la pratique du triathlon en comp\u00e9tition.<\/p>\n<p><em>Cotisations\u00a0:<br \/>\n<\/em><em>Mineurs\u00a0: 190\u20ac<br \/>\n<\/em><em>Majeurs\u00a0: 210\u20ac<br \/>\n<\/em><em>-50% pour tout adh\u00e9rent \u00e0 un club de natation.<\/em><\/p>\n<p><strong>Lieux et horaires<\/strong><\/p>\n<p>Stade Nautique Youri Gagarine. 67, rue Youri Gagarine<br \/>\nStade d\u2019athl\u00e9tisme Louis Dolly. 22, rue Auguste Perret<br \/>\nSortie v\u00e9lo de route\/VTT<\/p>\n<p><img loading=\"lazy\" decoding=\"async\" class=\"alignnone wp-image-391\" src=\"http:\/\/omsvillejuif.fr\/blog\/wp-content\/uploads\/2017\/06\/tableau-bulletin-v-athlon-1024x523.png\" alt=\"\" width=\"560\" height=\"286\" srcset=\"https:\/\/omsvillejuif.fr\/blog\/wp-content\/uploads\/2017\/06\/tableau-bulletin-v-athlon-1024x523.png 1024w, https:\/\/omsvillejuif.fr\/blog\/wp-content\/uploads\/2017\/06\/tableau-bulletin-v-athlon-300x153.png 300w, https:\/\/omsvillejuif.fr\/blog\/wp-content\/uploads\/2017\/06\/tableau-bulletin-v-athlon-768x392.png 768w, https:\/\/omsvillejuif.fr\/blog\/wp-content\/uploads\/2017\/06\/tableau-bulletin-v-athlon-624x318.png 624w, https:\/\/omsvillejuif.fr\/blog\/wp-content\/uploads\/2017\/06\/tableau-bulletin-v-athlon.png 1215w\" sizes=\"auto, (max-width: 560px) 100vw, 560px\" \/><\/p>\n<p>&nbsp;<\/p>\n","protected":false},"excerpt":{"rendered":"<p>&nbsp; Contact S\u00e9verine Lanoue Pr\u00e9sidente &nbsp; &nbsp; &nbsp; &nbsp; &nbsp; Descriptif de l\u2019association Nous vous accompagnons dans la pr\u00e9paration d&rsquo;un d\u00e9fi ou la volont\u00e9 d&rsquo;une pratique r\u00e9guli\u00e8re du\u00a0Triathlon, qui est la combinaison de trois sports diff\u00e9rents : natation, cyclisme (sur route ou VTT) et course \u00e0 pied. Il se pratique en indoor (piscine) ou en [&hellip;]<\/p>\n","protected":false},"author":3,"featured_media":0,"parent":105,"menu_order":0,"comment_status":"closed","ping_status":"closed","template":"page-templates\/full-width.php","meta":{"footnotes":""},"class_list":["post-287","page","type-page","status-publish","hentry"],"_links":{"self":[{"href":"https:\/\/omsvillejuif.fr\/blog\/wp-json\/wp\/v2\/pages\/287","targetHints":{"allow":["GET"]}}],"collection":[{"href":"https:\/\/omsvillejuif.fr\/blog\/wp-json\/wp\/v2\/pages"}],"about":[{"href":"https:\/\/omsvillejuif.fr\/blog\/wp-json\/wp\/v2\/types\/page"}],"author":[{"embeddable":true,"href":"https:\/\/omsvillejuif.fr\/blog\/wp-json\/wp\/v2\/users\/3"}],"replies":[{"embeddable":true,"href":"https:\/\/omsvillejuif.fr\/blog\/wp-json\/wp\/v2\/comments?post=287"}],"version-history":[{"count":8,"href":"https:\/\/omsvillejuif.fr\/blog\/wp-json\/wp\/v2\/pages\/287\/revisions"}],"predecessor-version":[{"id":1377,"href":"https:\/\/omsvillejuif.fr\/blog\/wp-json\/wp\/v2\/pages\/287\/revisions\/1377"}],"up":[{"embeddable":true,"href":"https:\/\/omsvillejuif.fr\/blog\/wp-json\/wp\/v2\/pages\/105"}],"wp:attachment":[{"href":"https:\/\/omsvillejuif.fr\/blog\/wp-json\/wp\/v2\/media?parent=287"}],"curies":[{"name":"wp","href":"https:\/\/api.w.org\/{rel}","templated":true}]}}