{"id":284,"date":"2017-06-12T16:26:40","date_gmt":"2017-06-12T14:26:40","guid":{"rendered":"http:\/\/omsvillejuif.fr\/blog\/?page_id=284"},"modified":"2020-09-03T14:50:13","modified_gmt":"2020-09-03T12:50:13","slug":"usv-volley-ball","status":"publish","type":"page","link":"https:\/\/omsvillejuif.fr\/blog\/liste-des-clubs-adherents\/usv-volley-ball\/","title":{"rendered":"USV Volley-ball"},"content":{"rendered":"<p><img loading=\"lazy\" decoding=\"async\" class=\"wp-image-427 size-large alignleft\" src=\"http:\/\/omsvillejuif.fr\/blog\/wp-content\/uploads\/2017\/06\/IMG_3281-1024x683.jpg\" alt=\"\" width=\"625\" height=\"417\" srcset=\"https:\/\/omsvillejuif.fr\/blog\/wp-content\/uploads\/2017\/06\/IMG_3281-1024x683.jpg 1024w, https:\/\/omsvillejuif.fr\/blog\/wp-content\/uploads\/2017\/06\/IMG_3281-300x200.jpg 300w, https:\/\/omsvillejuif.fr\/blog\/wp-content\/uploads\/2017\/06\/IMG_3281-768x512.jpg 768w, https:\/\/omsvillejuif.fr\/blog\/wp-content\/uploads\/2017\/06\/IMG_3281-624x416.jpg 624w\" sizes=\"auto, (max-width: 625px) 100vw, 625px\" \/><\/p>\n<p>&nbsp;<\/p>\n<p><strong>Contact<\/strong><\/p>\n<p><strong>Agent de D\u00e9veloppement : <\/strong>Maxime CHEZE<\/p>\n<p><a title=\"Site web du club\" href=\"http:\/\/www.villejuif-volley.fr\" target=\"_blank\" rel=\"noopener noreferrer\"><img loading=\"lazy\" decoding=\"async\" class=\"alignnone wp-image-95\" src=\"http:\/\/omsvillejuif.fr\/blog\/wp-content\/uploads\/2017\/05\/site-web.png\" alt=\"\" width=\"43\" height=\"43\" srcset=\"https:\/\/omsvillejuif.fr\/blog\/wp-content\/uploads\/2017\/05\/site-web.png 250w, https:\/\/omsvillejuif.fr\/blog\/wp-content\/uploads\/2017\/05\/site-web-150x150.png 150w\" sizes=\"auto, (max-width: 43px) 100vw, 43px\" \/><\/a><\/p>\n<p>&nbsp;<\/p>\n<p>&nbsp;<\/p>\n<p>&nbsp;<\/p>\n<p>&nbsp;<\/p>\n<p>&nbsp;<\/p>\n<p><strong>Descriptif de l\u2019association<\/strong><\/p>\n<p>Villejuif volley est un club \u00e9voluant dans le haut niveau du volley fran\u00e7ais autant dans le secteur f\u00e9minin que masculin, qu\u2019en adulte et en jeune.<br \/>\nNos s\u00e9niors filles remontent en Elite f\u00e9minine (2<sup>\u00e8me<\/sup> niveau national), nos s\u00e9niors gar\u00e7ons \u00e9voluent en nationale 2 (4<sup>\u00e8me<\/sup> niveau national). Nos jeunes filles participent depuis plusieurs ann\u00e9es aux phases finales de la coupe de France avec plusieurs podiums \u00e0 la cl\u00e9.<br \/>\nVous \u00eates un adulte, vous aimez le volley-ball loisir ou en comp\u00e9tition\u00a0? Villejuif Volley-ball vous propose des projets sportifs et humains adapt\u00e9s \u00e0 votre niveau, votre emploi du temps et votre \u00e2ge. Des entra\u00eeneurs dipl\u00f4m\u00e9s et exp\u00e9riment\u00e9s vous guideront tout au long de votre progression et votre d\u00e9couverte de l\u2019activit\u00e9 volley-ball. Riche en \u00e9panouissement sportif, notre club vous proposera aussi une vraie vie associative ponctu\u00e9e d\u2019\u00e9v\u00e9nements festifs en tout genre\u00a0: soir\u00e9es, tournois, barbecues, anniversaires, repas d\u2019apr\u00e8s-match\u2026<br \/>\nPour les plus jeunes, nous proposons notre activit\u00e9 \u00e0 partir de 3 ans avec le baby volley motricit\u00e9, jeux de ballons au programme pour nos tout petits. De 7 \u00e0 9 ans, nous proposons des projets adapt\u00e9s \u00e0 vos enfants, avec ou sans comp\u00e9titions, pour leur permettre de s\u2019\u00e9panouir dans son sport.<br \/>\nNotre objectif est d\u2019allier performance et plaisir, travail et convivialit\u00e9. Vous l\u2019avez compris, USV Volley est le rendez-vous o\u00f9 tout le monde trouve sa place\u00a0! N\u2019h\u00e9sitez plus et venez nous rejoindre\u00a0!<\/p>\n<p><strong>Informations sp\u00e9cifiques<\/strong><\/p>\n<p>Fournir un certificat m\u00e9dical d\u2019aptitude \u00e0 la pratique du volley-ball et la fiche d\u2019inscription.<\/p>\n<p><em>Cotisations\u00a0:<br \/>\n<\/em><em>M7 et moins\u00a0: 95\u20ac<br \/>\n<\/em><em>M9 et M11\u00a0: 110\u20ac<br \/>\n<\/em><em>M13\u00a0: 145\u20ac<br \/>\n<\/em><em>M15 et M17\u00a0: 180\u20ac<br \/>\n<\/em><em>M20\u00a0: 195\u20ac<br \/>\n<\/em><em>Loisirs\u00a0: 170\u20ac<br \/>\n<\/em><em>Adultes\u00a0: 220\u20ac<\/em><\/p>\n<p><strong>Lieux et horaires<\/strong><\/p>\n<p>Gymnase Daniel F\u00e9ry. 26-32, rue Fran\u00e7ois Billoux<\/p>\n<p><img loading=\"lazy\" decoding=\"async\" class=\"alignnone wp-image-429\" src=\"http:\/\/omsvillejuif.fr\/blog\/wp-content\/uploads\/2017\/06\/tableau-bulletin-volley-300x184.png\" alt=\"\" width=\"460\" height=\"282\" srcset=\"https:\/\/omsvillejuif.fr\/blog\/wp-content\/uploads\/2017\/06\/tableau-bulletin-volley-300x184.png 300w, https:\/\/omsvillejuif.fr\/blog\/wp-content\/uploads\/2017\/06\/tableau-bulletin-volley-768x470.png 768w, https:\/\/omsvillejuif.fr\/blog\/wp-content\/uploads\/2017\/06\/tableau-bulletin-volley-624x382.png 624w, https:\/\/omsvillejuif.fr\/blog\/wp-content\/uploads\/2017\/06\/tableau-bulletin-volley.png 902w\" sizes=\"auto, (max-width: 460px) 100vw, 460px\" \/><\/p>\n<p>&nbsp;<\/p>\n","protected":false},"excerpt":{"rendered":"<p>&nbsp; Contact Agent de D\u00e9veloppement : Maxime CHEZE &nbsp; &nbsp; &nbsp; &nbsp; &nbsp; Descriptif de l\u2019association Villejuif volley est un club \u00e9voluant dans le haut niveau du volley fran\u00e7ais autant dans le secteur f\u00e9minin que masculin, qu\u2019en adulte et en jeune. Nos s\u00e9niors filles remontent en Elite f\u00e9minine (2\u00e8me niveau national), nos s\u00e9niors gar\u00e7ons \u00e9voluent [&hellip;]<\/p>\n","protected":false},"author":3,"featured_media":0,"parent":105,"menu_order":0,"comment_status":"closed","ping_status":"closed","template":"page-templates\/full-width.php","meta":{"footnotes":""},"class_list":["post-284","page","type-page","status-publish","hentry"],"_links":{"self":[{"href":"https:\/\/omsvillejuif.fr\/blog\/wp-json\/wp\/v2\/pages\/284","targetHints":{"allow":["GET"]}}],"collection":[{"href":"https:\/\/omsvillejuif.fr\/blog\/wp-json\/wp\/v2\/pages"}],"about":[{"href":"https:\/\/omsvillejuif.fr\/blog\/wp-json\/wp\/v2\/types\/page"}],"author":[{"embeddable":true,"href":"https:\/\/omsvillejuif.fr\/blog\/wp-json\/wp\/v2\/users\/3"}],"replies":[{"embeddable":true,"href":"https:\/\/omsvillejuif.fr\/blog\/wp-json\/wp\/v2\/comments?post=284"}],"version-history":[{"count":9,"href":"https:\/\/omsvillejuif.fr\/blog\/wp-json\/wp\/v2\/pages\/284\/revisions"}],"predecessor-version":[{"id":1405,"href":"https:\/\/omsvillejuif.fr\/blog\/wp-json\/wp\/v2\/pages\/284\/revisions\/1405"}],"up":[{"embeddable":true,"href":"https:\/\/omsvillejuif.fr\/blog\/wp-json\/wp\/v2\/pages\/105"}],"wp:attachment":[{"href":"https:\/\/omsvillejuif.fr\/blog\/wp-json\/wp\/v2\/media?parent=284"}],"curies":[{"name":"wp","href":"https:\/\/api.w.org\/{rel}","templated":true}]}}