{"id":274,"date":"2017-06-12T16:19:59","date_gmt":"2017-06-12T14:19:59","guid":{"rendered":"http:\/\/omsvillejuif.fr\/blog\/?page_id=274"},"modified":"2020-06-18T11:29:58","modified_gmt":"2020-06-18T09:29:58","slug":"usv-tennis","status":"publish","type":"page","link":"https:\/\/omsvillejuif.fr\/blog\/liste-des-clubs-adherents\/usv-tennis\/","title":{"rendered":"USV Tennis"},"content":{"rendered":"<p><img loading=\"lazy\" decoding=\"async\" class=\"wp-image-383 size-large alignleft\" src=\"http:\/\/omsvillejuif.fr\/blog\/wp-content\/uploads\/2017\/06\/Image-Bulletin-1024x433.jpg\" alt=\"\" width=\"625\" height=\"264\" srcset=\"https:\/\/omsvillejuif.fr\/blog\/wp-content\/uploads\/2017\/06\/Image-Bulletin-1024x433.jpg 1024w, https:\/\/omsvillejuif.fr\/blog\/wp-content\/uploads\/2017\/06\/Image-Bulletin-300x127.jpg 300w, https:\/\/omsvillejuif.fr\/blog\/wp-content\/uploads\/2017\/06\/Image-Bulletin-768x325.jpg 768w, https:\/\/omsvillejuif.fr\/blog\/wp-content\/uploads\/2017\/06\/Image-Bulletin-624x264.jpg 624w\" sizes=\"auto, (max-width: 625px) 100vw, 625px\" \/><\/p>\n<p>&nbsp;<\/p>\n<p><strong>Contact<\/strong><\/p>\n<p>Fran\u00e7ois Flausino<br \/>\nPr\u00e9sident<br \/>\n<a title=\"Adresse Email du club\" href=\"mailto:usvtennis@free.fr\" target=\"_blank\" rel=\"noopener noreferrer\"><img loading=\"lazy\" decoding=\"async\" class=\"alignnone wp-image-93\" src=\"http:\/\/omsvillejuif.fr\/blog\/wp-content\/uploads\/2017\/05\/Email.png\" alt=\"\" width=\"43\" height=\"43\" \/><\/a><a title=\"Num\u00e9ro de tel +33 9 52 94 12 41\" href=\"tel:+33952941241\"><img loading=\"lazy\" decoding=\"async\" class=\"alignnone wp-image-97\" src=\"http:\/\/omsvillejuif.fr\/blog\/wp-content\/uploads\/2017\/05\/telephone-1-300x300.png\" alt=\"\" width=\"43\" height=\"43\" srcset=\"https:\/\/omsvillejuif.fr\/blog\/wp-content\/uploads\/2017\/05\/telephone-1-300x300.png 300w, https:\/\/omsvillejuif.fr\/blog\/wp-content\/uploads\/2017\/05\/telephone-1-150x150.png 150w, https:\/\/omsvillejuif.fr\/blog\/wp-content\/uploads\/2017\/05\/telephone-1.png 392w\" sizes=\"auto, (max-width: 43px) 100vw, 43px\" \/><\/a><br \/>\n<a title=\"Site web du club\" href=\"http:\/\/www.usvtennis.com\" target=\"_blank\" rel=\"noopener noreferrer\"><img loading=\"lazy\" decoding=\"async\" class=\"alignnone wp-image-95\" src=\"http:\/\/omsvillejuif.fr\/blog\/wp-content\/uploads\/2017\/05\/site-web.png\" alt=\"\" width=\"43\" height=\"43\" srcset=\"https:\/\/omsvillejuif.fr\/blog\/wp-content\/uploads\/2017\/05\/site-web.png 250w, https:\/\/omsvillejuif.fr\/blog\/wp-content\/uploads\/2017\/05\/site-web-150x150.png 150w\" sizes=\"auto, (max-width: 43px) 100vw, 43px\" \/><\/a><a title=\"Page Facebook du club\" href=\"https:\/\/www.facebook.com\/US-Villejuif-Tennis-350111538425053\/?hc_ref=SEARCH&amp;fref=nf\" target=\"_blank\" rel=\"noopener noreferrer\"><img loading=\"lazy\" decoding=\"async\" class=\"alignnone wp-image-94\" src=\"http:\/\/omsvillejuif.fr\/blog\/wp-content\/uploads\/2017\/05\/facebook-logo-4-300x300.png\" alt=\"\" width=\"43\" height=\"43\" srcset=\"https:\/\/omsvillejuif.fr\/blog\/wp-content\/uploads\/2017\/05\/facebook-logo-4-300x300.png 300w, https:\/\/omsvillejuif.fr\/blog\/wp-content\/uploads\/2017\/05\/facebook-logo-4-150x150.png 150w, https:\/\/omsvillejuif.fr\/blog\/wp-content\/uploads\/2017\/05\/facebook-logo-4-768x768.png 768w, https:\/\/omsvillejuif.fr\/blog\/wp-content\/uploads\/2017\/05\/facebook-logo-4-624x624.png 624w, https:\/\/omsvillejuif.fr\/blog\/wp-content\/uploads\/2017\/05\/facebook-logo-4.png 1024w\" sizes=\"auto, (max-width: 43px) 100vw, 43px\" \/><\/a><\/p>\n<p>&nbsp;<\/p>\n<p><strong>Descriptif de l\u2019association<\/strong><\/p>\n<p>L\u2019USV Tennis accompagne depuis plus de 65 ans les d\u00e9butants, les passionn\u00e9s ainsi que les champions en herbe dans l\u2019apprentissage et le perfectionnement de la pratique du tennis. Que ce soit pour jouer en famille ou entre amis, pour la comp\u00e9tition, ou tout simplement pour vous d\u00e9penser, nos enseignants et b\u00e9n\u00e9voles vous accueillent 7j\/7 sur les installations de Camille Desmoulins (3 courts couverts) et de Guy Boniface (2 courts couverts). De nombreux \u00e9v\u00e9nements et animations vous seront propos\u00e9s toute l\u2019ann\u00e9e, pour perfectionner votre technique et partager des moments conviviaux.<br \/>\nNous accueillons tous les joueurs \u00e0 partir de 3 ans, nous sommes \u00e9quip\u00e9s du dispositif vid\u00e9o MOJJO, et d&rsquo;un SPINFIRE lanceur de balle r\u00e9volutionnaire.<br \/>\nQue vous soyez comp\u00e9titeurs de haut niveau, joueur occasionnel, parents accompagnateurs ou sportif passionn\u00e9, nous disposons d\u2019une offre correspondant \u00e0 votre besoin. N\u2019h\u00e9sitez pas \u00e0 nous contacter pour en savoir plus.<\/p>\n<p><strong>Informations sp\u00e9cifiques<\/strong><\/p>\n<p>Fournir un certificat m\u00e9dical d\u2019aptitude \u00e0 la pratique du tennis en comp\u00e9tition et une photo d\u2019identit\u00e9. R\u00e8glement \u00e0 l\u2019ordre de l\u2019USV Tennis.<\/p>\n<p><em>Cotisations\u00a0:<br \/>\n<\/em><em>Nouveaut\u00e9\u00a0: <\/em><em>Baby-Tennis\u00a0: 90\u20ac (\u00e0 partir de 3 ans)<br \/>\n<\/em><em>Mini-Tennis : 100\u20ac (de 4 ans \u00e0 6 ans <\/em><em>une raquette offerte\u00a0!<\/em><em>)<br \/>\n<\/em><em>\u00c9cole de Tennis Bronze\/Argent\/Or : 200\/300\/400\u20ac (\u00e0 partir de 6 ans)<br \/>\n<\/em><em>Acad\u00e9mie de Tennis\u00a0: 400 \u20ac (\u00e0 partir de 9 ans)<br \/>\n<\/em><em>Comp\u00e9tition : 500\u20ac (2x1h30 +1h hebdomadaire)<br \/>\n<\/em><em>Cours adultes : 500\u20ac (28 s\u00e9ances de 1h30)<br \/>\n<\/em><em>Loisirs adultes\/jeunes (-18 ans) : 210\u20ac\/110\u20ac<br \/>\n<\/em><em>Cotisations parents week-ends\u00a0: 70\u20ac<\/em><\/p>\n<p><strong>Lieux et horaires<\/strong><\/p>\n<p>Les horaires de permanence :<\/p>\n<ul>\n<li>Lundi de 17h00 \u00e0 21h00<\/li>\n<li>Mardi de 17h00 \u00e0 21h00<\/li>\n<li>Mercredi de 9h00 \u00e0 18h00<\/li>\n<li>Jeudi de 17h00 \u00e0 21h00<\/li>\n<li>Vendredi de 17h00 \u00e0 21h00<\/li>\n<li>Samedi de 9h00 \u00e0 18h00<\/li>\n<li>Dimanche de 14h00 \u00e0 18h00<\/li>\n<\/ul>\n<p>Courts Camille Desmoulins. 53, rue Camille Desmoulins<br \/>\nComplexe sportif Guy Boniface. 32, avenue Louis Aragon<\/p>\n<p><img loading=\"lazy\" decoding=\"async\" class=\"alignnone wp-image-385\" src=\"http:\/\/omsvillejuif.fr\/blog\/wp-content\/uploads\/2017\/06\/tableau-bulletin-tennis-1024x474.png\" alt=\"\" width=\"500\" height=\"231\" srcset=\"https:\/\/omsvillejuif.fr\/blog\/wp-content\/uploads\/2017\/06\/tableau-bulletin-tennis-1024x474.png 1024w, https:\/\/omsvillejuif.fr\/blog\/wp-content\/uploads\/2017\/06\/tableau-bulletin-tennis-300x139.png 300w, https:\/\/omsvillejuif.fr\/blog\/wp-content\/uploads\/2017\/06\/tableau-bulletin-tennis-768x356.png 768w, https:\/\/omsvillejuif.fr\/blog\/wp-content\/uploads\/2017\/06\/tableau-bulletin-tennis-624x289.png 624w, https:\/\/omsvillejuif.fr\/blog\/wp-content\/uploads\/2017\/06\/tableau-bulletin-tennis.png 1052w\" sizes=\"auto, (max-width: 500px) 100vw, 500px\" \/><\/p>\n<p>&nbsp;<\/p>\n","protected":false},"excerpt":{"rendered":"<p>&nbsp; Contact Fran\u00e7ois Flausino Pr\u00e9sident &nbsp; Descriptif de l\u2019association L\u2019USV Tennis accompagne depuis plus de 65 ans les d\u00e9butants, les passionn\u00e9s ainsi que les champions en herbe dans l\u2019apprentissage et le perfectionnement de la pratique du tennis. Que ce soit pour jouer en famille ou entre amis, pour la comp\u00e9tition, ou tout simplement pour vous [&hellip;]<\/p>\n","protected":false},"author":3,"featured_media":0,"parent":105,"menu_order":0,"comment_status":"closed","ping_status":"closed","template":"page-templates\/full-width.php","meta":{"footnotes":""},"class_list":["post-274","page","type-page","status-publish","hentry"],"_links":{"self":[{"href":"https:\/\/omsvillejuif.fr\/blog\/wp-json\/wp\/v2\/pages\/274","targetHints":{"allow":["GET"]}}],"collection":[{"href":"https:\/\/omsvillejuif.fr\/blog\/wp-json\/wp\/v2\/pages"}],"about":[{"href":"https:\/\/omsvillejuif.fr\/blog\/wp-json\/wp\/v2\/types\/page"}],"author":[{"embeddable":true,"href":"https:\/\/omsvillejuif.fr\/blog\/wp-json\/wp\/v2\/users\/3"}],"replies":[{"embeddable":true,"href":"https:\/\/omsvillejuif.fr\/blog\/wp-json\/wp\/v2\/comments?post=274"}],"version-history":[{"count":11,"href":"https:\/\/omsvillejuif.fr\/blog\/wp-json\/wp\/v2\/pages\/274\/revisions"}],"predecessor-version":[{"id":1375,"href":"https:\/\/omsvillejuif.fr\/blog\/wp-json\/wp\/v2\/pages\/274\/revisions\/1375"}],"up":[{"embeddable":true,"href":"https:\/\/omsvillejuif.fr\/blog\/wp-json\/wp\/v2\/pages\/105"}],"wp:attachment":[{"href":"https:\/\/omsvillejuif.fr\/blog\/wp-json\/wp\/v2\/media?parent=274"}],"curies":[{"name":"wp","href":"https:\/\/api.w.org\/{rel}","templated":true}]}}