{"id":268,"date":"2017-06-12T16:18:04","date_gmt":"2017-06-12T14:18:04","guid":{"rendered":"http:\/\/omsvillejuif.fr\/blog\/?page_id=268"},"modified":"2025-02-03T11:11:59","modified_gmt":"2025-02-03T10:11:59","slug":"usv-retraites","status":"publish","type":"page","link":"https:\/\/omsvillejuif.fr\/blog\/liste-des-clubs-adherents\/usv-retraites\/","title":{"rendered":"USV Retrait\u00e9s"},"content":{"rendered":"<p><img loading=\"lazy\" decoding=\"async\" class=\"alignnone  wp-image-357\" src=\"https:\/\/omsvillejuif.fr\/blog\/wp-content\/uploads\/2017\/06\/Image1-300x125.png\" alt=\"\" width=\"478\" height=\"199\" srcset=\"https:\/\/omsvillejuif.fr\/blog\/wp-content\/uploads\/2017\/06\/Image1-300x125.png 300w, https:\/\/omsvillejuif.fr\/blog\/wp-content\/uploads\/2017\/06\/Image1.png 768w, https:\/\/omsvillejuif.fr\/blog\/wp-content\/uploads\/2017\/06\/Image1-624x260.png 624w\" sizes=\"auto, (max-width: 478px) 100vw, 478px\" \/><\/p>\n<p><strong>Descriptif ;<\/strong><br \/>\nNotre association propose, dans la convivialit\u00e9 et la bonne humeur, de multiples activit\u00e9s sportives dans diff\u00e9rentes structures de la ville. Elles sont encadr\u00e9es par des professeurs dipl\u00f4m\u00e9s ou par nos b\u00e9n\u00e9voles. Activit\u00e9s pratiqu\u00e9es : aquagym, gymnastique, k-pop, natation, Pilates, qi gong, randonn\u00e9e, yoga. N\u2019h\u00e9sitez plus et venez nous rejoindre.<\/p>\n<p><strong>Contacts :<\/strong><\/p>\n<p>Fran\u00e7oise Dufour, pr\u00e9sidente : 06 10 60 67 83<\/p>\n<p>Alice Lemierre, secr\u00e9taire : 06 63 42 67 30<\/p>\n<p><a href=\"mailto:usvr94@gmail.com\"><img loading=\"lazy\" decoding=\"async\" class=\"alignnone wp-image-93\" src=\"https:\/\/omsvillejuif.fr\/blog\/wp-content\/uploads\/2017\/05\/Email.png\" alt=\"\" width=\"51\" height=\"58\" \/><\/a>\u00a0 usvr94@gmail.com<\/p>\n<p><strong>Conditions<\/strong><\/p>\n<p>Inscription \u00e0 la Maison des Sports<br \/>\n44 avenue Karl Marx<\/p>\n<p><strong>Cotisations<\/strong><\/p>\n<ul>\n<li>Forfait de base 60\u20ac (uniquement tennis et\/ou tennis de table)<\/li>\n<li>Forfait 1 \u00e0 partir de 130\u20ac (1 activit\u00e9)<\/li>\n<li>Forfait 2 \u00e0 partir de 192\u20ac (2 activit\u00e9s)<\/li>\n<li>Forfait 3 \u00e0 partir de 228\u20ac (toutes les activit\u00e9s dans la limite de places disponibles)<\/li>\n<\/ul>\n<p>Suppl\u00e9ments : 40 \u20ac pour la randonn\u00e9e (participation au co\u00fbt du car)<\/p>\n<p>44 \u20ac pour le yoga (s\u00e9ance dure 1h30)<\/p>\n<p><span style=\"text-decoration: underline;\"><em>A noter<\/em><\/span> que pour les forfaits 1, 2 et 3, possibilit\u00e9 de pratiquer aussi le tennis et le tennis de table<\/p>\n<p><strong>Lieux<\/strong><\/p>\n<p>&#8211; Gymnase Gabriel Thibault<\/p>\n<p>&#8211; Maison Pour Tous G\u00e9rard Philipe<\/p>\n<p>&#8211; Stade Nautique Youri Gagarine (et sa salle de fitness)<\/p>\n<p>&#8211; Gymnase Maximilien Robespierre<\/p>\n<p>&#8211; Gymnase Guy Moquet<\/p>\n<p>&#8211; Gymnase des Olympiades<\/p>\n<p>&nbsp;<\/p>\n<p>&nbsp;<\/p>\n","protected":false},"excerpt":{"rendered":"<p>Descriptif ; Notre association propose, dans la convivialit\u00e9 et la bonne humeur, de multiples activit\u00e9s sportives dans diff\u00e9rentes structures de la ville. Elles sont encadr\u00e9es par des professeurs dipl\u00f4m\u00e9s ou par nos b\u00e9n\u00e9voles. Activit\u00e9s pratiqu\u00e9es : aquagym, gymnastique, k-pop, natation, Pilates, qi gong, randonn\u00e9e, yoga. N\u2019h\u00e9sitez plus et venez nous rejoindre. Contacts : Fran\u00e7oise Dufour, [&hellip;]<\/p>\n","protected":false},"author":3,"featured_media":0,"parent":105,"menu_order":0,"comment_status":"closed","ping_status":"closed","template":"page-templates\/full-width.php","meta":{"footnotes":""},"class_list":["post-268","page","type-page","status-publish","hentry"],"_links":{"self":[{"href":"https:\/\/omsvillejuif.fr\/blog\/wp-json\/wp\/v2\/pages\/268","targetHints":{"allow":["GET"]}}],"collection":[{"href":"https:\/\/omsvillejuif.fr\/blog\/wp-json\/wp\/v2\/pages"}],"about":[{"href":"https:\/\/omsvillejuif.fr\/blog\/wp-json\/wp\/v2\/types\/page"}],"author":[{"embeddable":true,"href":"https:\/\/omsvillejuif.fr\/blog\/wp-json\/wp\/v2\/users\/3"}],"replies":[{"embeddable":true,"href":"https:\/\/omsvillejuif.fr\/blog\/wp-json\/wp\/v2\/comments?post=268"}],"version-history":[{"count":17,"href":"https:\/\/omsvillejuif.fr\/blog\/wp-json\/wp\/v2\/pages\/268\/revisions"}],"predecessor-version":[{"id":1700,"href":"https:\/\/omsvillejuif.fr\/blog\/wp-json\/wp\/v2\/pages\/268\/revisions\/1700"}],"up":[{"embeddable":true,"href":"https:\/\/omsvillejuif.fr\/blog\/wp-json\/wp\/v2\/pages\/105"}],"wp:attachment":[{"href":"https:\/\/omsvillejuif.fr\/blog\/wp-json\/wp\/v2\/media?parent=268"}],"curies":[{"name":"wp","href":"https:\/\/api.w.org\/{rel}","templated":true}]}}