{"id":262,"date":"2017-06-12T16:16:17","date_gmt":"2017-06-12T14:16:17","guid":{"rendered":"http:\/\/omsvillejuif.fr\/blog\/?page_id=262"},"modified":"2025-02-03T13:43:02","modified_gmt":"2025-02-03T12:43:02","slug":"usv-plongee","status":"publish","type":"page","link":"https:\/\/omsvillejuif.fr\/blog\/liste-des-clubs-adherents\/usv-plongee\/","title":{"rendered":"USV Plong\u00e9e"},"content":{"rendered":"<p><img loading=\"lazy\" decoding=\"async\" class=\"wp-image-454 alignleft\" src=\"http:\/\/omsvillejuif.fr\/blog\/wp-content\/uploads\/2017\/06\/Photo-1-300x225.jpg\" alt=\"\" width=\"400\" height=\"300\" srcset=\"https:\/\/omsvillejuif.fr\/blog\/wp-content\/uploads\/2017\/06\/Photo-1-300x225.jpg 300w, https:\/\/omsvillejuif.fr\/blog\/wp-content\/uploads\/2017\/06\/Photo-1-624x468.jpg 624w, https:\/\/omsvillejuif.fr\/blog\/wp-content\/uploads\/2017\/06\/Photo-1.jpg 640w\" sizes=\"auto, (max-width: 400px) 100vw, 400px\" \/><\/p>\n<p>&nbsp;<\/p>\n<p><strong>Contact<\/strong><\/p>\n<p>Thierry Burdin<br \/>\nPr\u00e9sident<br \/>\n<a title=\"Adresse Email du club\" href=\"mailto:contact@usvplongee.fr\" target=\"_blank\" rel=\"noopener noreferrer\"><img loading=\"lazy\" decoding=\"async\" class=\"alignnone wp-image-93\" src=\"http:\/\/omsvillejuif.fr\/blog\/wp-content\/uploads\/2017\/05\/Email.png\" alt=\"\" width=\"43\" height=\"43\" \/><\/a><a title=\"Num\u00e9ro de tel +33 6 60 59 61 66\" href=\"tel:+33660596166\"><img loading=\"lazy\" decoding=\"async\" class=\"alignnone wp-image-97\" src=\"http:\/\/omsvillejuif.fr\/blog\/wp-content\/uploads\/2017\/05\/telephone-1-300x300.png\" alt=\"\" width=\"43\" height=\"43\" srcset=\"https:\/\/omsvillejuif.fr\/blog\/wp-content\/uploads\/2017\/05\/telephone-1-300x300.png 300w, https:\/\/omsvillejuif.fr\/blog\/wp-content\/uploads\/2017\/05\/telephone-1-150x150.png 150w, https:\/\/omsvillejuif.fr\/blog\/wp-content\/uploads\/2017\/05\/telephone-1.png 392w\" sizes=\"auto, (max-width: 43px) 100vw, 43px\" \/><\/a><br \/>\n<a title=\"Site web du club\" href=\"http:\/\/www.usvplongee.fr\" target=\"_blank\" rel=\"noopener noreferrer\"><img loading=\"lazy\" decoding=\"async\" class=\"alignnone wp-image-95\" src=\"http:\/\/omsvillejuif.fr\/blog\/wp-content\/uploads\/2017\/05\/site-web.png\" alt=\"\" width=\"43\" height=\"43\" srcset=\"https:\/\/omsvillejuif.fr\/blog\/wp-content\/uploads\/2017\/05\/site-web.png 250w, https:\/\/omsvillejuif.fr\/blog\/wp-content\/uploads\/2017\/05\/site-web-150x150.png 150w\" sizes=\"auto, (max-width: 43px) 100vw, 43px\" \/><\/a><\/p>\n<p>&nbsp;<\/p>\n<p>&nbsp;<\/p>\n<p><strong>Descriptif de l\u2019association<\/strong><\/p>\n<p>De nos jours, trop de gens ignorent que la plong\u00e9e s\u2019apprend \u00e9galement en piscine. Depuis 1969, nous avons form\u00e9 plus de 2000 plongeurs \u00e0 l\u2019aide d\u2019encadrants dipl\u00f4m\u00e9s. Il faut ajouter \u00e0 notre activit\u00e9 de la nage en eaux vives, de la biologie marine, de la photo et de l\u2019apn\u00e9e. En fin de saison, la formation est sanctionn\u00e9e par le passage des brevets de la FFESSM (F\u00e9d\u00e9ration Fran\u00e7aise d\u2019Etudes et de Sports Sous-Marins). Des sorties sont organis\u00e9es en M\u00e9diterran\u00e9e et en Atlantique, mais \u00e9galement \u00e0 l\u2019\u00e9tranger (Sicile, Egypte\u2026). Vous avez entre 16 et 96 ans et envie d\u2019essayer\u00a0? Venez nous voir, votre bapt\u00eame de plong\u00e9e est offert. L\u2019ennui n\u2019est pas de mise \u00e0 l\u2019USV Plong\u00e9e, mais attention, la contagion gagne tr\u00e8s vite\u00a0!<\/p>\n<p><strong>Informations sp\u00e9cifiques<\/strong><\/p>\n<p>Inscription les lundis \u00e0 20h au Stade Nautique.<br \/>\nFournir un certificat m\u00e9dical de non contre-indication.<\/p>\n<p><em><strong>Cotisation<\/strong> de 290\u20ac pour les adh\u00e9rents et 190\u20ac pour les \u00e9tudiants<br \/>\n<\/em><\/p>\n<p><strong>Lieux et horaires<\/strong><\/p>\n<p>Stade Nautique Youri Gagarine. 67, rue Youri Gagarine<\/p>\n<p><img loading=\"lazy\" decoding=\"async\" class=\"alignnone wp-image-456\" src=\"http:\/\/omsvillejuif.fr\/blog\/wp-content\/uploads\/2017\/06\/tableau-bulletin-plong\u00e9e-300x129.png\" alt=\"\" width=\"400\" height=\"172\" srcset=\"https:\/\/omsvillejuif.fr\/blog\/wp-content\/uploads\/2017\/06\/tableau-bulletin-plong\u00e9e-300x129.png 300w, https:\/\/omsvillejuif.fr\/blog\/wp-content\/uploads\/2017\/06\/tableau-bulletin-plong\u00e9e-768x331.png 768w, https:\/\/omsvillejuif.fr\/blog\/wp-content\/uploads\/2017\/06\/tableau-bulletin-plong\u00e9e-624x269.png 624w, https:\/\/omsvillejuif.fr\/blog\/wp-content\/uploads\/2017\/06\/tableau-bulletin-plong\u00e9e.png 833w\" sizes=\"auto, (max-width: 400px) 100vw, 400px\" \/><\/p>\n<p>&nbsp;<\/p>\n","protected":false},"excerpt":{"rendered":"<p>&nbsp; Contact Thierry Burdin Pr\u00e9sident &nbsp; &nbsp; Descriptif de l\u2019association De nos jours, trop de gens ignorent que la plong\u00e9e s\u2019apprend \u00e9galement en piscine. Depuis 1969, nous avons form\u00e9 plus de 2000 plongeurs \u00e0 l\u2019aide d\u2019encadrants dipl\u00f4m\u00e9s. Il faut ajouter \u00e0 notre activit\u00e9 de la nage en eaux vives, de la biologie marine, de la [&hellip;]<\/p>\n","protected":false},"author":3,"featured_media":0,"parent":105,"menu_order":0,"comment_status":"closed","ping_status":"closed","template":"page-templates\/full-width.php","meta":{"footnotes":""},"class_list":["post-262","page","type-page","status-publish","hentry"],"_links":{"self":[{"href":"https:\/\/omsvillejuif.fr\/blog\/wp-json\/wp\/v2\/pages\/262","targetHints":{"allow":["GET"]}}],"collection":[{"href":"https:\/\/omsvillejuif.fr\/blog\/wp-json\/wp\/v2\/pages"}],"about":[{"href":"https:\/\/omsvillejuif.fr\/blog\/wp-json\/wp\/v2\/types\/page"}],"author":[{"embeddable":true,"href":"https:\/\/omsvillejuif.fr\/blog\/wp-json\/wp\/v2\/users\/3"}],"replies":[{"embeddable":true,"href":"https:\/\/omsvillejuif.fr\/blog\/wp-json\/wp\/v2\/comments?post=262"}],"version-history":[{"count":8,"href":"https:\/\/omsvillejuif.fr\/blog\/wp-json\/wp\/v2\/pages\/262\/revisions"}],"predecessor-version":[{"id":1702,"href":"https:\/\/omsvillejuif.fr\/blog\/wp-json\/wp\/v2\/pages\/262\/revisions\/1702"}],"up":[{"embeddable":true,"href":"https:\/\/omsvillejuif.fr\/blog\/wp-json\/wp\/v2\/pages\/105"}],"wp:attachment":[{"href":"https:\/\/omsvillejuif.fr\/blog\/wp-json\/wp\/v2\/media?parent=262"}],"curies":[{"name":"wp","href":"https:\/\/api.w.org\/{rel}","templated":true}]}}