{"id":259,"date":"2017-06-12T16:15:35","date_gmt":"2017-06-12T14:15:35","guid":{"rendered":"http:\/\/omsvillejuif.fr\/blog\/?page_id=259"},"modified":"2024-11-18T16:18:48","modified_gmt":"2024-11-18T15:18:48","slug":"usv-petanque","status":"publish","type":"page","link":"https:\/\/omsvillejuif.fr\/blog\/liste-des-clubs-adherents\/usv-petanque\/","title":{"rendered":"USV P\u00e9tanque"},"content":{"rendered":"<p><img loading=\"lazy\" decoding=\"async\" class=\"wp-image-405 size-large alignleft\" src=\"http:\/\/omsvillejuif.fr\/blog\/wp-content\/uploads\/2017\/06\/CIMG1616-1024x768.jpg\" alt=\"\" width=\"625\" height=\"469\" srcset=\"https:\/\/omsvillejuif.fr\/blog\/wp-content\/uploads\/2017\/06\/CIMG1616-1024x768.jpg 1024w, https:\/\/omsvillejuif.fr\/blog\/wp-content\/uploads\/2017\/06\/CIMG1616-300x225.jpg 300w, https:\/\/omsvillejuif.fr\/blog\/wp-content\/uploads\/2017\/06\/CIMG1616-768x576.jpg 768w, https:\/\/omsvillejuif.fr\/blog\/wp-content\/uploads\/2017\/06\/CIMG1616-624x468.jpg 624w\" sizes=\"auto, (max-width: 625px) 100vw, 625px\" \/><\/p>\n<p>&nbsp;<\/p>\n<p>&nbsp;<\/p>\n<p>&nbsp;<\/p>\n<p><strong><img loading=\"lazy\" decoding=\"async\" class=\"alignnone\" src=\"https:\/\/omsvillejuif.fr\/blog\/wp-content\/uploads\/2023\/03\/logo-petanque_noir-2.jpg\" width=\"239\" height=\"140\" \/><\/strong><\/p>\n<p><strong>Con<\/strong><strong>tact<\/strong><\/p>\n<p>ERNEST AMBIT, pr\u00e9sident<\/p>\n<p><a title=\"Num\u00e9ro de tel +33 7 66 62 31 97\" href=\"tel:+33766623197\"><img loading=\"lazy\" decoding=\"async\" class=\"alignnone wp-image-97\" src=\"http:\/\/omsvillejuif.fr\/blog\/wp-content\/uploads\/2017\/05\/telephone-1-300x300.png\" alt=\"\" width=\"43\" height=\"43\" srcset=\"https:\/\/omsvillejuif.fr\/blog\/wp-content\/uploads\/2017\/05\/telephone-1-300x300.png 300w, https:\/\/omsvillejuif.fr\/blog\/wp-content\/uploads\/2017\/05\/telephone-1-150x150.png 150w, https:\/\/omsvillejuif.fr\/blog\/wp-content\/uploads\/2017\/05\/telephone-1.png 392w\" sizes=\"auto, (max-width: 43px) 100vw, 43px\" \/> <\/a>\u00a0\u00a0\u00a0\u00a0\u00a0\u00a0\u00a0\u00a0\u00a0\u00a0\u00a0\u00a0\u00a0\u00a0\u00a0\u00a0\u00a0\u00a0\u00a0\u00a0\u00a0\u00a0\u00a0\u00a0<a title=\"email petanquevillejuif@gmail.com\" href=\"mailto:email:petanquevillejuif@gmail.com\"><img loading=\"lazy\" decoding=\"async\" class=\"alignnone wp-image-93\" src=\"https:\/\/omsvillejuif.fr\/blog\/wp-content\/uploads\/2017\/05\/Email.png\" alt=\"\" width=\"43\" height=\"49\" \/><\/a><\/p>\n<p>Boulodrome : 09 50 17 79 20<\/p>\n<p><strong>Descriptif de l\u2019association<\/strong><\/p>\n<p>Notre association vous accueille toute l\u2019ann\u00e9e sur le boulodrome, terrain de d\u00e9tente mis \u00e0 la disposition des adh\u00e9rents par la Mairie de Villejuif.<br \/>\nCe sport individuel et d\u2019\u00e9quipe se pratique en toute convivialit\u00e9, sur la base de r\u00e8gles simples en loisirs ou comp\u00e9titions.<br \/>\nEnfants \u00e0 partir de 9 ans, f\u00e9minines et adultes peuvent jouer \u00e0 la p\u00e9tanque.<\/p>\n<p><strong>Informations sp\u00e9cifiques<\/strong><\/p>\n<p>Formulaire d\u2019adh\u00e9sion \u00e0 retirer au boulodrome. Fournir un certificat m\u00e9dical et une photo.<\/p>\n<p><em>Cotisation 2024 :FFP JP : 55\u20ac<br \/>\nLoisir femme : 25\u20ac<br \/>\nLoisir homme : 35\u20ac<br \/>\nJeunes -18 ans : 35\u20ac<br \/>\n<\/em><\/p>\n<p><strong>Lieux et horaires<\/strong><\/p>\n<p>Boulodrome Paul Dubuisson. 35 \u00e0 43, rue Youri Gagarine<\/p>\n<p>Nocturnes les mardis et jeudis de 19h \u00e0 22h30.<\/p>\n<p><img loading=\"lazy\" decoding=\"async\" class=\"alignnone wp-image-407\" src=\"http:\/\/omsvillejuif.fr\/blog\/wp-content\/uploads\/2017\/06\/tableau-bulletin-petanque-300x186.png\" alt=\"\" width=\"460\" height=\"285\" srcset=\"https:\/\/omsvillejuif.fr\/blog\/wp-content\/uploads\/2017\/06\/tableau-bulletin-petanque-300x186.png 300w, https:\/\/omsvillejuif.fr\/blog\/wp-content\/uploads\/2017\/06\/tableau-bulletin-petanque-768x476.png 768w, https:\/\/omsvillejuif.fr\/blog\/wp-content\/uploads\/2017\/06\/tableau-bulletin-petanque-624x386.png 624w, https:\/\/omsvillejuif.fr\/blog\/wp-content\/uploads\/2017\/06\/tableau-bulletin-petanque.png 822w\" sizes=\"auto, (max-width: 460px) 100vw, 460px\" \/><\/p>\n<p>&nbsp;<\/p>\n","protected":false},"excerpt":{"rendered":"<p>&nbsp; &nbsp; &nbsp; Contact ERNEST AMBIT, pr\u00e9sident \u00a0\u00a0\u00a0\u00a0\u00a0\u00a0\u00a0\u00a0\u00a0\u00a0\u00a0\u00a0\u00a0\u00a0\u00a0\u00a0\u00a0\u00a0\u00a0\u00a0\u00a0\u00a0\u00a0\u00a0 Boulodrome : 09 50 17 79 20 Descriptif de l\u2019association Notre association vous accueille toute l\u2019ann\u00e9e sur le boulodrome, terrain de d\u00e9tente mis \u00e0 la disposition des adh\u00e9rents par la Mairie de Villejuif. Ce sport individuel et d\u2019\u00e9quipe se pratique en toute convivialit\u00e9, sur la base de [&hellip;]<\/p>\n","protected":false},"author":3,"featured_media":0,"parent":105,"menu_order":0,"comment_status":"closed","ping_status":"closed","template":"page-templates\/full-width.php","meta":{"footnotes":""},"class_list":["post-259","page","type-page","status-publish","hentry"],"_links":{"self":[{"href":"https:\/\/omsvillejuif.fr\/blog\/wp-json\/wp\/v2\/pages\/259","targetHints":{"allow":["GET"]}}],"collection":[{"href":"https:\/\/omsvillejuif.fr\/blog\/wp-json\/wp\/v2\/pages"}],"about":[{"href":"https:\/\/omsvillejuif.fr\/blog\/wp-json\/wp\/v2\/types\/page"}],"author":[{"embeddable":true,"href":"https:\/\/omsvillejuif.fr\/blog\/wp-json\/wp\/v2\/users\/3"}],"replies":[{"embeddable":true,"href":"https:\/\/omsvillejuif.fr\/blog\/wp-json\/wp\/v2\/comments?post=259"}],"version-history":[{"count":20,"href":"https:\/\/omsvillejuif.fr\/blog\/wp-json\/wp\/v2\/pages\/259\/revisions"}],"predecessor-version":[{"id":1669,"href":"https:\/\/omsvillejuif.fr\/blog\/wp-json\/wp\/v2\/pages\/259\/revisions\/1669"}],"up":[{"embeddable":true,"href":"https:\/\/omsvillejuif.fr\/blog\/wp-json\/wp\/v2\/pages\/105"}],"wp:attachment":[{"href":"https:\/\/omsvillejuif.fr\/blog\/wp-json\/wp\/v2\/media?parent=259"}],"curies":[{"name":"wp","href":"https:\/\/api.w.org\/{rel}","templated":true}]}}