{"id":253,"date":"2017-06-12T16:13:30","date_gmt":"2017-06-12T14:13:30","guid":{"rendered":"http:\/\/omsvillejuif.fr\/blog\/?page_id=253"},"modified":"2018-10-15T16:03:11","modified_gmt":"2018-10-15T14:03:11","slug":"usv-lutte","status":"publish","type":"page","link":"https:\/\/omsvillejuif.fr\/blog\/liste-des-clubs-adherents\/usv-lutte\/","title":{"rendered":"USV Lutte"},"content":{"rendered":"<p><img loading=\"lazy\" decoding=\"async\" class=\"wp-image-613 size-large alignleft\" src=\"http:\/\/omsvillejuif.fr\/blog\/wp-content\/uploads\/2017\/06\/lutte1-1024x683.png\" alt=\"\" width=\"625\" height=\"417\" srcset=\"https:\/\/omsvillejuif.fr\/blog\/wp-content\/uploads\/2017\/06\/lutte1-1024x683.png 1024w, https:\/\/omsvillejuif.fr\/blog\/wp-content\/uploads\/2017\/06\/lutte1-300x200.png 300w, https:\/\/omsvillejuif.fr\/blog\/wp-content\/uploads\/2017\/06\/lutte1-768x512.png 768w, https:\/\/omsvillejuif.fr\/blog\/wp-content\/uploads\/2017\/06\/lutte1-624x416.png 624w, https:\/\/omsvillejuif.fr\/blog\/wp-content\/uploads\/2017\/06\/lutte1.png 1200w\" sizes=\"auto, (max-width: 625px) 100vw, 625px\" \/><\/p>\n<p>&nbsp;<\/p>\n<p>&nbsp;<\/p>\n<p>&nbsp;<\/p>\n<p><strong>Contact<\/strong><\/p>\n<p>&nbsp;<\/p>\n<p>Vincent Le Borgne (Lutte)<br \/>\n<a title=\"Num\u00e9ro de tel +33 6 34 58 46 03\" href=\"tel:+33634584603\"><img loading=\"lazy\" decoding=\"async\" class=\"alignnone wp-image-97\" src=\"http:\/\/omsvillejuif.fr\/blog\/wp-content\/uploads\/2017\/05\/telephone-1-300x300.png\" alt=\"\" width=\"43\" height=\"43\" srcset=\"https:\/\/omsvillejuif.fr\/blog\/wp-content\/uploads\/2017\/05\/telephone-1-300x300.png 300w, https:\/\/omsvillejuif.fr\/blog\/wp-content\/uploads\/2017\/05\/telephone-1-150x150.png 150w, https:\/\/omsvillejuif.fr\/blog\/wp-content\/uploads\/2017\/05\/telephone-1.png 392w\" sizes=\"auto, (max-width: 43px) 100vw, 43px\" \/><\/a><a title=\"Adresse Email du club\" href=\"mailto:leborgne.usvlutte@yahoo.fr\" target=\"_blank\" rel=\"noopener noreferrer\"><img loading=\"lazy\" decoding=\"async\" class=\"alignnone wp-image-93\" src=\"http:\/\/omsvillejuif.fr\/blog\/wp-content\/uploads\/2017\/05\/Email.png\" alt=\"\" width=\"43\" height=\"43\" \/><\/a><a title=\"Page Facebook de la Lutte\" href=\"https:\/\/www.facebook.com\/villejuif.lutte\/\" target=\"_blank\" rel=\"noopener\"><img loading=\"lazy\" decoding=\"async\" class=\"alignnone wp-image-94\" src=\"http:\/\/omsvillejuif.fr\/blog\/wp-content\/uploads\/2017\/05\/facebook-logo-4-300x300.png\" alt=\"\" width=\"43\" height=\"43\" srcset=\"https:\/\/omsvillejuif.fr\/blog\/wp-content\/uploads\/2017\/05\/facebook-logo-4-300x300.png 300w, https:\/\/omsvillejuif.fr\/blog\/wp-content\/uploads\/2017\/05\/facebook-logo-4-150x150.png 150w, https:\/\/omsvillejuif.fr\/blog\/wp-content\/uploads\/2017\/05\/facebook-logo-4-768x768.png 768w, https:\/\/omsvillejuif.fr\/blog\/wp-content\/uploads\/2017\/05\/facebook-logo-4-624x624.png 624w, https:\/\/omsvillejuif.fr\/blog\/wp-content\/uploads\/2017\/05\/facebook-logo-4.png 1024w\" sizes=\"auto, (max-width: 43px) 100vw, 43px\" \/><\/a><\/p>\n<p>&nbsp;<\/p>\n<p>&nbsp;<\/p>\n<p>&nbsp;<\/p>\n<p><strong>Descriptif de l\u2019association<\/strong><\/p>\n<p>L\u2019USV Lutte assure l\u2019entra\u00eenement de nombreux lutteurs, gar\u00e7ons et filles, \u00e0 partir de 6 ans, pratiquant la lutte \u00e0 diff\u00e9rents niveaux\u00a0: loisir, coll\u00e8ge, comp\u00e9tition. De nombreux titres de champions et des s\u00e9lections ont \u00e9t\u00e9 remport\u00e9s par le club. Forte d\u2019une \u00e9quipe d\u2019encadrement tr\u00e8s active, anim\u00e9e par des entra\u00eeneurs passionn\u00e9s, tous sportifs de haut niveau, l\u2019USV Lutte vous accueille pour d\u00e9couvrir la pratique d\u2019un sport antique dans une ambiance conviviale.<\/p>\n<p>Nouvelle activit\u00e9\u00a0: Werstling Circuit\u00a0!\u00a0<span style=\"font-size: 14px;\">Le\u00a0Werstling Circuit est un sport issu des entrainements de lutte qui se d\u00e9roule en musique. Cette activit\u00e9 apporte rapidement une meilleur forme et force physique, elle d\u00e9veloppe les muscles, la souplesse et le cardio. Le Werstling Circuit est pratiqu\u00e9 sur un tapis de lutte par un entraineur form\u00e9, souriant et comp\u00e9tant. Un cr\u00e9neau est r\u00e9serv\u00e9 aux femmes.<\/span><\/p>\n<p><strong>Informations sp\u00e9cifiques<\/strong><\/p>\n<p>Inscription sur place. Fournir un certificat m\u00e9dical de non contre-indication \u00e0 la pratique de la discipline choisie, le formulaire renseign\u00e9, une photo d\u2019identit\u00e9 et le formulaire de licence de la f\u00e9d\u00e9ration.<\/p>\n<p><em>Cotisations Lutte :<br \/>\n<\/em><em>Adultes\u00a0: 230 \u20ac<br \/>\n<\/em><em>Uniquement Werstling Circuit\u00a0: 120\u20ac<br \/>\n<\/em><em>Enfant\/Jeunes -18 ans\u00a0: 160\u20ac<\/em><\/p>\n<p><strong>Lieux et horaires<\/strong><\/p>\n<p>Salle de lutte. Gymnase Guy Boniface. 32, avenue Louis Aragon<\/p>\n<p><img loading=\"lazy\" decoding=\"async\" class=\"alignnone wp-image-615\" src=\"http:\/\/omsvillejuif.fr\/blog\/wp-content\/uploads\/2017\/06\/tableau-bulletin-lutte-300x171.png\" alt=\"\" width=\"460\" height=\"263\" srcset=\"https:\/\/omsvillejuif.fr\/blog\/wp-content\/uploads\/2017\/06\/tableau-bulletin-lutte-300x171.png 300w, https:\/\/omsvillejuif.fr\/blog\/wp-content\/uploads\/2017\/06\/tableau-bulletin-lutte-768x438.png 768w, https:\/\/omsvillejuif.fr\/blog\/wp-content\/uploads\/2017\/06\/tableau-bulletin-lutte-1024x585.png 1024w, https:\/\/omsvillejuif.fr\/blog\/wp-content\/uploads\/2017\/06\/tableau-bulletin-lutte-624x356.png 624w, https:\/\/omsvillejuif.fr\/blog\/wp-content\/uploads\/2017\/06\/tableau-bulletin-lutte.png 1037w\" sizes=\"auto, (max-width: 460px) 100vw, 460px\" \/><\/p>\n<p>&nbsp;<\/p>\n","protected":false},"excerpt":{"rendered":"<p>&nbsp; &nbsp; &nbsp; Contact &nbsp; Vincent Le Borgne (Lutte) &nbsp; &nbsp; &nbsp; Descriptif de l\u2019association L\u2019USV Lutte assure l\u2019entra\u00eenement de nombreux lutteurs, gar\u00e7ons et filles, \u00e0 partir de 6 ans, pratiquant la lutte \u00e0 diff\u00e9rents niveaux\u00a0: loisir, coll\u00e8ge, comp\u00e9tition. De nombreux titres de champions et des s\u00e9lections ont \u00e9t\u00e9 remport\u00e9s par le club. Forte d\u2019une [&hellip;]<\/p>\n","protected":false},"author":3,"featured_media":0,"parent":105,"menu_order":0,"comment_status":"closed","ping_status":"closed","template":"page-templates\/full-width.php","meta":{"footnotes":""},"class_list":["post-253","page","type-page","status-publish","hentry"],"_links":{"self":[{"href":"https:\/\/omsvillejuif.fr\/blog\/wp-json\/wp\/v2\/pages\/253","targetHints":{"allow":["GET"]}}],"collection":[{"href":"https:\/\/omsvillejuif.fr\/blog\/wp-json\/wp\/v2\/pages"}],"about":[{"href":"https:\/\/omsvillejuif.fr\/blog\/wp-json\/wp\/v2\/types\/page"}],"author":[{"embeddable":true,"href":"https:\/\/omsvillejuif.fr\/blog\/wp-json\/wp\/v2\/users\/3"}],"replies":[{"embeddable":true,"href":"https:\/\/omsvillejuif.fr\/blog\/wp-json\/wp\/v2\/comments?post=253"}],"version-history":[{"count":15,"href":"https:\/\/omsvillejuif.fr\/blog\/wp-json\/wp\/v2\/pages\/253\/revisions"}],"predecessor-version":[{"id":954,"href":"https:\/\/omsvillejuif.fr\/blog\/wp-json\/wp\/v2\/pages\/253\/revisions\/954"}],"up":[{"embeddable":true,"href":"https:\/\/omsvillejuif.fr\/blog\/wp-json\/wp\/v2\/pages\/105"}],"wp:attachment":[{"href":"https:\/\/omsvillejuif.fr\/blog\/wp-json\/wp\/v2\/media?parent=253"}],"curies":[{"name":"wp","href":"https:\/\/api.w.org\/{rel}","templated":true}]}}