{"id":247,"date":"2017-06-12T16:11:54","date_gmt":"2017-06-12T14:11:54","guid":{"rendered":"http:\/\/omsvillejuif.fr\/blog\/?page_id=247"},"modified":"2024-11-18T16:07:55","modified_gmt":"2024-11-18T15:07:55","slug":"usv-judo","status":"publish","type":"page","link":"https:\/\/omsvillejuif.fr\/blog\/liste-des-clubs-adherents\/usv-judo\/","title":{"rendered":"USV Judo \/ Jujitsu \/ Ta\u00efso sant\u00e9"},"content":{"rendered":"<p><img loading=\"lazy\" decoding=\"async\" class=\"wp-image-423 size-large alignleft\" src=\"http:\/\/omsvillejuif.fr\/blog\/wp-content\/uploads\/2017\/06\/judo-bulletin-1024x372.png\" alt=\"\" width=\"625\" height=\"227\" srcset=\"https:\/\/omsvillejuif.fr\/blog\/wp-content\/uploads\/2017\/06\/judo-bulletin-1024x372.png 1024w, https:\/\/omsvillejuif.fr\/blog\/wp-content\/uploads\/2017\/06\/judo-bulletin-300x109.png 300w, https:\/\/omsvillejuif.fr\/blog\/wp-content\/uploads\/2017\/06\/judo-bulletin-768x279.png 768w, https:\/\/omsvillejuif.fr\/blog\/wp-content\/uploads\/2017\/06\/judo-bulletin-624x227.png 624w, https:\/\/omsvillejuif.fr\/blog\/wp-content\/uploads\/2017\/06\/judo-bulletin.png 1218w\" sizes=\"auto, (max-width: 625px) 100vw, 625px\" \/><\/p>\n<p>&nbsp;<\/p>\n<p><strong>Contact<\/strong><\/p>\n<p><a title=\"Site web du club\" href=\"http:\/\/www.usvillejuifjudo.fr\" target=\"_blank\" rel=\"noopener noreferrer\"><img loading=\"lazy\" decoding=\"async\" class=\"alignnone wp-image-95\" src=\"http:\/\/omsvillejuif.fr\/blog\/wp-content\/uploads\/2017\/05\/site-web.png\" alt=\"\" width=\"43\" height=\"43\" srcset=\"https:\/\/omsvillejuif.fr\/blog\/wp-content\/uploads\/2017\/05\/site-web.png 250w, https:\/\/omsvillejuif.fr\/blog\/wp-content\/uploads\/2017\/05\/site-web-150x150.png 150w\" sizes=\"auto, (max-width: 43px) 100vw, 43px\" \/>\u00a0<\/a><a href=\"mailto:usvillejuifjudo@gmail.com\"><img loading=\"lazy\" decoding=\"async\" class=\"alignnone wp-image-93\" src=\"https:\/\/omsvillejuif.fr\/blog\/wp-content\/uploads\/2017\/05\/Email.png\" alt=\"\" width=\"44\" height=\"50\" \/><\/a><\/p>\n<p>&nbsp;<\/p>\n<p>&nbsp;<\/p>\n<p><strong>Descriptif de l\u2019association<\/strong><\/p>\n<p>Du lundi au dimanche, de nos classes d\u2019initiation destin\u00e9es aux enfants de quatre ans, aux s\u00e9ances consacr\u00e9es \u00e0 une approche loisir, en passant par les s\u00e9ances taiso Sant\u00e9, les cours de jujitsu ou ceux pr\u00e9parant aux comp\u00e9titions, la gamme que nous proposons est large.<\/p>\n<p>La saison pass\u00e9e, vous \u00e9tiez 450 adh\u00e9rents \u00e0 venir fouler les tatamis. Nous ne doutons pas que vous puissiez cette ann\u00e9e encore, trouver dans l\u2019un de nos trois dojos (Maurice Baquet, Lucie Decosse, Guy Boniface) la forme de pratique qui vous convient, dispens\u00e9e par l\u2019un des six professeurs du club.<\/p>\n<p>2024, ann\u00e9e olympique est tout autant paralympique et permet \u00e0 notre association de se lancer un nouveau d\u00e9fi.<\/p>\n<p>Les publics en situation de Handicap, sont d\u00e9sormais, eux aussi invit\u00e9s \u00e0 venir pratiquer notre discipline martiale. (Renseignements aupr\u00e8s de Roland)<\/p>\n<p>Bonne saison sportive \u00e0 Toutes et \u00e0 Tous!<\/p>\n<p>&nbsp;<\/p>\n<p><strong>Informations sp\u00e9cifiques<\/strong><\/p>\n<p>Pour vous inscrire, rien de plus simple : le club vous propose une inscription simplifi\u00e9e 100% en ligne avec possibilit\u00e9 de payer en trois fois, \u00e0 l&rsquo;exception des baby judo qui devront s&rsquo;inscrire pendant les permanences de la rentr\u00e9e, comme ceux qui pr\u00e9f\u00e8rent opter pour une inscription papier.<\/p>\n<p>Essayez le judo le temps d&rsquo;un cours.<br \/>\nAfin de vous rendre compte de votre app\u00e9tence pour nos enseignements, nous vous proposons de participer gratuitement \u00e0 un cours d&rsquo;essai. Pour des raisons d&rsquo;assurance, vous devrez n\u00e9anmoins nous remettre un dossier complet qui vous sera bien entendu rendu si la s\u00e9ance n&rsquo;est pas concluante.<\/p>\n<p><em>\u00a0<\/em><\/p>\n<p><strong>Lieux et horaires<\/strong><\/p>\n<p>Gymnase Maurice Baquet. 84, rue Jean-Jacques Rousseau<br \/>\nComplexe sportif Guy Boniface. 32, avenue Louis Aragon<br \/>\nStructure Gabriel Thibault. 1, rue S\u00e9verine<\/p>\n<p>&nbsp;<\/p>\n<p>&nbsp;<\/p>\n","protected":false},"excerpt":{"rendered":"<p>&nbsp; Contact \u00a0 &nbsp; &nbsp; Descriptif de l\u2019association Du lundi au dimanche, de nos classes d\u2019initiation destin\u00e9es aux enfants de quatre ans, aux s\u00e9ances consacr\u00e9es \u00e0 une approche loisir, en passant par les s\u00e9ances taiso Sant\u00e9, les cours de jujitsu ou ceux pr\u00e9parant aux comp\u00e9titions, la gamme que nous proposons est large. La saison pass\u00e9e, [&hellip;]<\/p>\n","protected":false},"author":3,"featured_media":0,"parent":105,"menu_order":0,"comment_status":"closed","ping_status":"closed","template":"page-templates\/full-width.php","meta":{"footnotes":""},"class_list":["post-247","page","type-page","status-publish","hentry"],"_links":{"self":[{"href":"https:\/\/omsvillejuif.fr\/blog\/wp-json\/wp\/v2\/pages\/247","targetHints":{"allow":["GET"]}}],"collection":[{"href":"https:\/\/omsvillejuif.fr\/blog\/wp-json\/wp\/v2\/pages"}],"about":[{"href":"https:\/\/omsvillejuif.fr\/blog\/wp-json\/wp\/v2\/types\/page"}],"author":[{"embeddable":true,"href":"https:\/\/omsvillejuif.fr\/blog\/wp-json\/wp\/v2\/users\/3"}],"replies":[{"embeddable":true,"href":"https:\/\/omsvillejuif.fr\/blog\/wp-json\/wp\/v2\/comments?post=247"}],"version-history":[{"count":18,"href":"https:\/\/omsvillejuif.fr\/blog\/wp-json\/wp\/v2\/pages\/247\/revisions"}],"predecessor-version":[{"id":1668,"href":"https:\/\/omsvillejuif.fr\/blog\/wp-json\/wp\/v2\/pages\/247\/revisions\/1668"}],"up":[{"embeddable":true,"href":"https:\/\/omsvillejuif.fr\/blog\/wp-json\/wp\/v2\/pages\/105"}],"wp:attachment":[{"href":"https:\/\/omsvillejuif.fr\/blog\/wp-json\/wp\/v2\/media?parent=247"}],"curies":[{"name":"wp","href":"https:\/\/api.w.org\/{rel}","templated":true}]}}