{"id":244,"date":"2017-06-12T16:10:56","date_gmt":"2017-06-12T14:10:56","guid":{"rendered":"http:\/\/omsvillejuif.fr\/blog\/?page_id=244"},"modified":"2017-07-04T12:04:28","modified_gmt":"2017-07-04T10:04:28","slug":"usv-handball","status":"publish","type":"page","link":"https:\/\/omsvillejuif.fr\/blog\/liste-des-clubs-adherents\/usv-handball\/","title":{"rendered":"USV Handball"},"content":{"rendered":"<p><img loading=\"lazy\" decoding=\"async\" class=\"wp-image-344 size-large alignleft\" src=\"http:\/\/omsvillejuif.fr\/blog\/wp-content\/uploads\/2017\/06\/Photo-mini-hand-2017-1024x768.jpg\" alt=\"\" width=\"625\" height=\"469\" srcset=\"https:\/\/omsvillejuif.fr\/blog\/wp-content\/uploads\/2017\/06\/Photo-mini-hand-2017-1024x768.jpg 1024w, https:\/\/omsvillejuif.fr\/blog\/wp-content\/uploads\/2017\/06\/Photo-mini-hand-2017-300x225.jpg 300w, https:\/\/omsvillejuif.fr\/blog\/wp-content\/uploads\/2017\/06\/Photo-mini-hand-2017-768x576.jpg 768w, https:\/\/omsvillejuif.fr\/blog\/wp-content\/uploads\/2017\/06\/Photo-mini-hand-2017-624x468.jpg 624w\" sizes=\"auto, (max-width: 625px) 100vw, 625px\" \/><\/p>\n<p>&nbsp;<\/p>\n<p><strong>Contact<\/strong><\/p>\n<p>Serge Dubois<br \/>\nPr\u00e9sident<br \/>\n<a title=\"Adresse Email du club\" href=\"mailto:serge.dubois@medialabtechno.com\" target=\"_blank\" rel=\"noopener noreferrer\"><img loading=\"lazy\" decoding=\"async\" class=\"alignnone wp-image-93\" src=\"http:\/\/omsvillejuif.fr\/blog\/wp-content\/uploads\/2017\/05\/Email.png\" alt=\"\" width=\"43\" height=\"43\" \/><\/a><a title=\"Adresse Email du club\" href=\"mailto:5894032@ffhandball.net\" target=\"_blank\" rel=\"noopener noreferrer\"><img loading=\"lazy\" decoding=\"async\" class=\"alignnone wp-image-93\" src=\"http:\/\/omsvillejuif.fr\/blog\/wp-content\/uploads\/2017\/05\/Email.png\" alt=\"\" width=\"43\" height=\"43\" \/><\/a><a title=\"Num\u00e9ro de tel +33 6 23 24 27 43\" href=\"tel:+33623242743\"><img loading=\"lazy\" decoding=\"async\" class=\"alignnone wp-image-97\" src=\"http:\/\/omsvillejuif.fr\/blog\/wp-content\/uploads\/2017\/05\/telephone-1-300x300.png\" alt=\"\" width=\"43\" height=\"43\" srcset=\"https:\/\/omsvillejuif.fr\/blog\/wp-content\/uploads\/2017\/05\/telephone-1-300x300.png 300w, https:\/\/omsvillejuif.fr\/blog\/wp-content\/uploads\/2017\/05\/telephone-1-150x150.png 150w, https:\/\/omsvillejuif.fr\/blog\/wp-content\/uploads\/2017\/05\/telephone-1.png 392w\" sizes=\"auto, (max-width: 43px) 100vw, 43px\" \/><\/a><a title=\"Num\u00e9ro de tel +33 1 44 13 50 50\" href=\"tel:+33144135050\"><img loading=\"lazy\" decoding=\"async\" class=\"alignnone wp-image-97\" src=\"http:\/\/omsvillejuif.fr\/blog\/wp-content\/uploads\/2017\/05\/telephone-1-300x300.png\" alt=\"\" width=\"43\" height=\"43\" srcset=\"https:\/\/omsvillejuif.fr\/blog\/wp-content\/uploads\/2017\/05\/telephone-1-300x300.png 300w, https:\/\/omsvillejuif.fr\/blog\/wp-content\/uploads\/2017\/05\/telephone-1-150x150.png 150w, https:\/\/omsvillejuif.fr\/blog\/wp-content\/uploads\/2017\/05\/telephone-1.png 392w\" sizes=\"auto, (max-width: 43px) 100vw, 43px\" \/><\/a><\/p>\n<p>&nbsp;<\/p>\n<p>&nbsp;<\/p>\n<p>&nbsp;<\/p>\n<p>&nbsp;<\/p>\n<p>&nbsp;<\/p>\n<p>&nbsp;<\/p>\n<p><strong>Descriptif de l\u2019association<\/strong><\/p>\n<p>Depuis maintenant plus de vingt ans, notre association vous invite, d\u00e8s l\u2019\u00e2ge de 6 ans, \u00e0 (re)d\u00e9couvrir, dans une ambiance de convivialit\u00e9 que nous tenons \u00e0 entretenir et \u00e0 conserver, tous les attraits et les qualit\u00e9s que pr\u00e9sente la pratique du handball\u00a0: respect, rigueur, combativit\u00e9, adresse, r\u00e9activit\u00e9, sens tactique\u2026<br \/>\nAid\u00e9 par les excellents r\u00e9sultats sur la sc\u00e8ne internationale de nos \u00e9quipes de France, notre sport est ainsi devenu une r\u00e9f\u00e9rence dans la pratique des sports collectifs.<br \/>\nN\u2019h\u00e9sitez pas \u00e0 venir vous renseigner et nous rencontrer lors des diff\u00e9rentes s\u00e9ances d\u2019entra\u00eenements.<\/p>\n<p><strong>Informations sp\u00e9cifiques<\/strong><\/p>\n<p>Dossier d\u2019inscription \u00e0 retirer aupr\u00e8s des responsables lors des entra\u00eenements.<br \/>\nFournir un certificat m\u00e9dical permettant la pratique du handball en comp\u00e9tition (moins de 3 mois), deux photos d\u2019identit\u00e9 r\u00e9centes, la copie d\u2019une pi\u00e8ce d\u2019identit\u00e9, la copie de l\u2019autorisation de s\u00e9jour (pour les personnes de nationalit\u00e9 \u00e9trang\u00e8re), l\u2019autorisation parentale compl\u00e9t\u00e9e et sign\u00e9e (pour les mineurs), et la fiche d\u2019inscription compl\u00e9t\u00e9e et sign\u00e9e.<\/p>\n<p><em>Cotisations\u00a0:<br \/>\n<\/em><em>Plein tarif\u00a0: 150\u20ac<br \/>\n<\/em><em>-18 ans, \u00e9tudiants ou sans emploi\u00a0: 120\u20ac<br \/>\n<\/em><em>Nous acceptons les coupons sports.<\/em><\/p>\n<p><strong>Lieux et horaires<\/strong><\/p>\n<p>Gymnase Maurice Baquet<br \/>\n94, rue Jean-Jacques Rousseau<\/p>\n<p><img loading=\"lazy\" decoding=\"async\" class=\"alignnone wp-image-352\" src=\"http:\/\/omsvillejuif.fr\/blog\/wp-content\/uploads\/2017\/06\/tableau-bulletin-hand-1024x577.png\" alt=\"\" width=\"500\" height=\"282\" srcset=\"https:\/\/omsvillejuif.fr\/blog\/wp-content\/uploads\/2017\/06\/tableau-bulletin-hand-1024x577.png 1024w, https:\/\/omsvillejuif.fr\/blog\/wp-content\/uploads\/2017\/06\/tableau-bulletin-hand-300x169.png 300w, https:\/\/omsvillejuif.fr\/blog\/wp-content\/uploads\/2017\/06\/tableau-bulletin-hand-768x433.png 768w, https:\/\/omsvillejuif.fr\/blog\/wp-content\/uploads\/2017\/06\/tableau-bulletin-hand-624x351.png 624w, https:\/\/omsvillejuif.fr\/blog\/wp-content\/uploads\/2017\/06\/tableau-bulletin-hand.png 1035w\" sizes=\"auto, (max-width: 500px) 100vw, 500px\" \/><\/p>\n<p>&nbsp;<\/p>\n","protected":false},"excerpt":{"rendered":"<p>&nbsp; Contact Serge Dubois Pr\u00e9sident &nbsp; &nbsp; &nbsp; &nbsp; &nbsp; &nbsp; Descriptif de l\u2019association Depuis maintenant plus de vingt ans, notre association vous invite, d\u00e8s l\u2019\u00e2ge de 6 ans, \u00e0 (re)d\u00e9couvrir, dans une ambiance de convivialit\u00e9 que nous tenons \u00e0 entretenir et \u00e0 conserver, tous les attraits et les qualit\u00e9s que pr\u00e9sente la pratique du [&hellip;]<\/p>\n","protected":false},"author":3,"featured_media":0,"parent":105,"menu_order":0,"comment_status":"closed","ping_status":"closed","template":"page-templates\/full-width.php","meta":{"footnotes":""},"class_list":["post-244","page","type-page","status-publish","hentry"],"_links":{"self":[{"href":"https:\/\/omsvillejuif.fr\/blog\/wp-json\/wp\/v2\/pages\/244","targetHints":{"allow":["GET"]}}],"collection":[{"href":"https:\/\/omsvillejuif.fr\/blog\/wp-json\/wp\/v2\/pages"}],"about":[{"href":"https:\/\/omsvillejuif.fr\/blog\/wp-json\/wp\/v2\/types\/page"}],"author":[{"embeddable":true,"href":"https:\/\/omsvillejuif.fr\/blog\/wp-json\/wp\/v2\/users\/3"}],"replies":[{"embeddable":true,"href":"https:\/\/omsvillejuif.fr\/blog\/wp-json\/wp\/v2\/comments?post=244"}],"version-history":[{"count":12,"href":"https:\/\/omsvillejuif.fr\/blog\/wp-json\/wp\/v2\/pages\/244\/revisions"}],"predecessor-version":[{"id":566,"href":"https:\/\/omsvillejuif.fr\/blog\/wp-json\/wp\/v2\/pages\/244\/revisions\/566"}],"up":[{"embeddable":true,"href":"https:\/\/omsvillejuif.fr\/blog\/wp-json\/wp\/v2\/pages\/105"}],"wp:attachment":[{"href":"https:\/\/omsvillejuif.fr\/blog\/wp-json\/wp\/v2\/media?parent=244"}],"curies":[{"name":"wp","href":"https:\/\/api.w.org\/{rel}","templated":true}]}}