{"id":238,"date":"2017-06-12T16:09:23","date_gmt":"2017-06-12T14:09:23","guid":{"rendered":"http:\/\/omsvillejuif.fr\/blog\/?page_id=238"},"modified":"2024-11-18T15:48:10","modified_gmt":"2024-11-18T14:48:10","slug":"usv-football","status":"publish","type":"page","link":"https:\/\/omsvillejuif.fr\/blog\/liste-des-clubs-adherents\/usv-football\/","title":{"rendered":"USV Football"},"content":{"rendered":"<p><img loading=\"lazy\" decoding=\"async\" class=\"wp-image-524 size-large alignleft\" src=\"http:\/\/omsvillejuif.fr\/blog\/wp-content\/uploads\/2017\/06\/IMAGE-U19-1024x576.jpg\" alt=\"\" width=\"625\" height=\"352\" srcset=\"https:\/\/omsvillejuif.fr\/blog\/wp-content\/uploads\/2017\/06\/IMAGE-U19-1024x576.jpg 1024w, https:\/\/omsvillejuif.fr\/blog\/wp-content\/uploads\/2017\/06\/IMAGE-U19-300x169.jpg 300w, https:\/\/omsvillejuif.fr\/blog\/wp-content\/uploads\/2017\/06\/IMAGE-U19-768x432.jpg 768w, https:\/\/omsvillejuif.fr\/blog\/wp-content\/uploads\/2017\/06\/IMAGE-U19-624x351.jpg 624w, https:\/\/omsvillejuif.fr\/blog\/wp-content\/uploads\/2017\/06\/IMAGE-U19.jpg 1280w\" sizes=\"auto, (max-width: 625px) 100vw, 625px\" \/><\/p>\n<p>&nbsp;<\/p>\n<p><strong>Contact<\/strong><\/p>\n<p>Secr\u00e9tariat<br \/>\n<a title=\"Num\u00e9ro de tel +33 01 46 71 49 75\" href=\"tel:+33146714975\"><img loading=\"lazy\" decoding=\"async\" class=\"alignnone wp-image-97\" src=\"http:\/\/omsvillejuif.fr\/blog\/wp-content\/uploads\/2017\/05\/telephone-1-300x300.png\" alt=\"\" width=\"43\" height=\"43\" srcset=\"https:\/\/omsvillejuif.fr\/blog\/wp-content\/uploads\/2017\/05\/telephone-1-300x300.png 300w, https:\/\/omsvillejuif.fr\/blog\/wp-content\/uploads\/2017\/05\/telephone-1-150x150.png 150w, https:\/\/omsvillejuif.fr\/blog\/wp-content\/uploads\/2017\/05\/telephone-1.png 392w\" sizes=\"auto, (max-width: 43px) 100vw, 43px\" \/><\/a><br \/>\n<a title=\"Page Facebook du club\" href=\"https:\/\/www.facebook.com\/USVillejuifFootball\" target=\"_blank\" rel=\"noopener\"><img loading=\"lazy\" decoding=\"async\" class=\"alignnone wp-image-94\" src=\"http:\/\/omsvillejuif.fr\/blog\/wp-content\/uploads\/2017\/05\/facebook-logo-4-300x300.png\" alt=\"\" width=\"43\" height=\"43\" srcset=\"https:\/\/omsvillejuif.fr\/blog\/wp-content\/uploads\/2017\/05\/facebook-logo-4-300x300.png 300w, https:\/\/omsvillejuif.fr\/blog\/wp-content\/uploads\/2017\/05\/facebook-logo-4-150x150.png 150w, https:\/\/omsvillejuif.fr\/blog\/wp-content\/uploads\/2017\/05\/facebook-logo-4-768x768.png 768w, https:\/\/omsvillejuif.fr\/blog\/wp-content\/uploads\/2017\/05\/facebook-logo-4-624x624.png 624w, https:\/\/omsvillejuif.fr\/blog\/wp-content\/uploads\/2017\/05\/facebook-logo-4.png 1024w\" sizes=\"auto, (max-width: 43px) 100vw, 43px\" \/><\/a><\/p>\n<p>&nbsp;<\/p>\n<p>&nbsp;<\/p>\n<p>&nbsp;<\/p>\n<p><strong>Descriptif de l\u2019association<\/strong><\/p>\n<p><em>Le club de football de US VILLEJUIF accueille plus de 1<\/em><em>35<\/em><em>0 <\/em><em>licenci\u00e9s<\/em><em> chaque saison. <\/em><\/p>\n<p><em>L<\/em><em>\u2019\u00e9quipe senior<\/em><em> R1 s\u2019est maintenue.<\/em> <em>L\u2019objectif pour la saison 2024\/2025 sera la mont\u00e9e en National 3.<\/em><em> Notre \u00e9quipes U16 D3 monte en 2\u00e8me division de district et vainqueur de la coupe de l\u2019amiti\u00e9. <\/em><em>L\u2019\u00e9quipe U16 R2\u00a0 quant \u00e0 elle finit 7. <\/em><em>\u00a0<\/em><\/p>\n<p><em>Nous continuons la progression de nos jeunes au niveau sportif<\/em><em> c\u2019est notre objectif, l<\/em><em>a preuve nos U11 \u00e9lites <\/em><em>finissent encore vice-champion du challenge r\u00e9gional pour la deuxi\u00e8me ann\u00e9e cons\u00e9cutive. <\/em><\/p>\n<p><strong>Informations sp\u00e9cifiques :<br \/>\n<\/strong><\/p>\n<p><strong><em>Inscriptions\u00a0:<\/em><\/strong><em>\u00a0 \u00e0 partir du 05 juin 2024<br \/>\n<\/em><strong><em>Nota\u00a0:<\/em><\/strong><em> les inscriptions seront cl\u00f4tur\u00e9es au plus tard le 15 septembre 2024 <\/em><\/p>\n<p><strong><em>Renouvellement de licence\u00a0:<\/em><\/strong><em> 1 fiche d\u2019adh\u00e9sion \u00e0 l\u2019association USV FOOT \u00e0 remplir sur place et d\u00fbment sign\u00e9e et dat\u00e9e par l\u2019adh\u00e9rent, se munir d\u2019une photo r\u00e9cente d\u2019identit\u00e9 + pi\u00e8ce d\u2019identit\u00e9 ou photocopie du livret de famille pour tous les nouveaux joueurs.<br \/>\n<\/em><strong><em>Nota\u00a0:<\/em><\/strong> <em>Pour les mineurs les fiches d\u2019inscriptions devront \u00eatre imp\u00e9rativement sign\u00e9es et dat\u00e9es des parents ou du tuteur l\u00e9gal.<\/em><\/p>\n<p><em>Autres cas\u00a0: MUTATIONS \u00e0 voir directement sur place au secr\u00e9tariat.<\/em><\/p>\n<p><em>Tous les joueurs mut\u00e9s devront s&rsquo;acquitter de leurs cartons de d\u00e9missions du montant de 34,60 euros pour les jeunes et de 91 euros pour les U18 aux seniors<\/em><\/p>\n<p><strong>Reprises des Entra\u00eenements<br \/>\n<\/strong><em>Consulter le site internet du club<\/em><\/p>\n<p><em>\u00a0<\/em><strong><em>Cotisation annuelle\u00a0:<\/em><\/strong><em> 320 Euros pour ceux d<\/em><em>e la commune et les renouvellements.<br \/>\n<\/em><em>Hors commune\u00a0: 450 Euros<br \/>\n<\/em><em>Baby-Foot\u00a0: 240 Euros<br \/>\n<\/em><em>U6\/U7\u00a0: 280 Euros, les hors commune 350 euros<br \/>\n<\/em><em>CDM. VETERANS. + 55 ANS\u00a0: 150 Euros<\/em><\/p>\n<p><em>Des articles de football seront en ventes d\u00e8s le d\u00e9but de la saison<strong>.<\/strong><\/em><\/p>\n<p><strong>Lieux d\u2019entra\u00eenements<\/strong><\/p>\n<p>Stade Karl Marx. 46, avenue Karl Marx<br \/>\nStade Louis Dolly. 22, rue Auguste Perret<br \/>\nStructure Gabriel Thibault. 1, rue S\u00e9verine<br \/>\nComplexe sportif Guy Boniface. 32, avenue Louis Aragon<\/p>\n<p>&nbsp;<\/p>\n","protected":false},"excerpt":{"rendered":"<p>&nbsp; Contact Secr\u00e9tariat &nbsp; &nbsp; &nbsp; Descriptif de l\u2019association Le club de football de US VILLEJUIF accueille plus de 1350 licenci\u00e9s chaque saison. L\u2019\u00e9quipe senior R1 s\u2019est maintenue. L\u2019objectif pour la saison 2024\/2025 sera la mont\u00e9e en National 3. Notre \u00e9quipes U16 D3 monte en 2\u00e8me division de district et vainqueur de la coupe de [&hellip;]<\/p>\n","protected":false},"author":3,"featured_media":0,"parent":105,"menu_order":0,"comment_status":"closed","ping_status":"closed","template":"page-templates\/full-width.php","meta":{"footnotes":""},"class_list":["post-238","page","type-page","status-publish","hentry"],"_links":{"self":[{"href":"https:\/\/omsvillejuif.fr\/blog\/wp-json\/wp\/v2\/pages\/238","targetHints":{"allow":["GET"]}}],"collection":[{"href":"https:\/\/omsvillejuif.fr\/blog\/wp-json\/wp\/v2\/pages"}],"about":[{"href":"https:\/\/omsvillejuif.fr\/blog\/wp-json\/wp\/v2\/types\/page"}],"author":[{"embeddable":true,"href":"https:\/\/omsvillejuif.fr\/blog\/wp-json\/wp\/v2\/users\/3"}],"replies":[{"embeddable":true,"href":"https:\/\/omsvillejuif.fr\/blog\/wp-json\/wp\/v2\/comments?post=238"}],"version-history":[{"count":9,"href":"https:\/\/omsvillejuif.fr\/blog\/wp-json\/wp\/v2\/pages\/238\/revisions"}],"predecessor-version":[{"id":1664,"href":"https:\/\/omsvillejuif.fr\/blog\/wp-json\/wp\/v2\/pages\/238\/revisions\/1664"}],"up":[{"embeddable":true,"href":"https:\/\/omsvillejuif.fr\/blog\/wp-json\/wp\/v2\/pages\/105"}],"wp:attachment":[{"href":"https:\/\/omsvillejuif.fr\/blog\/wp-json\/wp\/v2\/media?parent=238"}],"curies":[{"name":"wp","href":"https:\/\/api.w.org\/{rel}","templated":true}]}}