{"id":232,"date":"2017-06-12T15:56:42","date_gmt":"2017-06-12T13:56:42","guid":{"rendered":"http:\/\/omsvillejuif.fr\/blog\/?page_id=232"},"modified":"2025-02-18T11:51:30","modified_gmt":"2025-02-18T10:51:30","slug":"usv-education-physique","status":"publish","type":"page","link":"https:\/\/omsvillejuif.fr\/blog\/liste-des-clubs-adherents\/usv-education-physique\/","title":{"rendered":"USV Education Physique"},"content":{"rendered":"<p><img loading=\"lazy\" decoding=\"async\" class=\"alignnone wp-image-1692\" src=\"https:\/\/omsvillejuif.fr\/blog\/wp-content\/uploads\/2025\/02\/Site-USV-Educ-Phy-300x163.png\" alt=\"\" width=\"471\" height=\"256\" srcset=\"https:\/\/omsvillejuif.fr\/blog\/wp-content\/uploads\/2025\/02\/Site-USV-Educ-Phy-300x163.png 300w, https:\/\/omsvillejuif.fr\/blog\/wp-content\/uploads\/2025\/02\/Site-USV-Educ-Phy.png 598w\" sizes=\"auto, (max-width: 471px) 100vw, 471px\" \/><\/p>\n<p><strong>Vous recherchez une activit\u00e9 physique ? N\u2019h\u00e9sitez-pas !<\/strong><\/p>\n<p>Dynamisme, forme, sant\u00e9 et convivialit\u00e9, tels sont les mots cl\u00e9s de l\u2019association Education Physique de Villejuif. Une dizaine de cours par semaine sont propos\u00e9s pour rester en forme : Pilates, renforcement musculaire, cardio fitness, zen balance, stretching, qi gong<\/p>\n<p>Sports de bien-\u00eatre et d\u2019entretien, mais pas que cela !<\/p>\n<p>4 lieux de pratique : Maison Pour Tous G\u00e9rard Philippe, Gymnase Robespierre, Gymnase Gabriel Thibault, Gymnase Guy Moquet.<\/p>\n<p><img loading=\"lazy\" decoding=\"async\" class=\"size-full wp-image-1691 alignleft\" src=\"https:\/\/omsvillejuif.fr\/blog\/wp-content\/uploads\/2025\/02\/Logo-USV-educ-Phy.png\" alt=\"\" width=\"127\" height=\"123\" \/><\/p>\n<p><a href=\"mailto:bureauusveducationphysique@gmail.com\"><img loading=\"lazy\" decoding=\"async\" class=\"alignnone  wp-image-93\" src=\"https:\/\/omsvillejuif.fr\/blog\/wp-content\/uploads\/2017\/05\/Email.png\" alt=\"\" width=\"63\" height=\"72\" \/><\/a> <a href=\"https:\/\/www.facebook.com\/USVEducationPhysique\"><img loading=\"lazy\" decoding=\"async\" class=\"alignnone  wp-image-94\" src=\"https:\/\/omsvillejuif.fr\/blog\/wp-content\/uploads\/2017\/05\/facebook-logo-4-300x300.png\" alt=\"\" width=\"72\" height=\"72\" srcset=\"https:\/\/omsvillejuif.fr\/blog\/wp-content\/uploads\/2017\/05\/facebook-logo-4-300x300.png 300w, https:\/\/omsvillejuif.fr\/blog\/wp-content\/uploads\/2017\/05\/facebook-logo-4-150x150.png 150w, https:\/\/omsvillejuif.fr\/blog\/wp-content\/uploads\/2017\/05\/facebook-logo-4-768x768.png 768w, https:\/\/omsvillejuif.fr\/blog\/wp-content\/uploads\/2017\/05\/facebook-logo-4-624x624.png 624w, https:\/\/omsvillejuif.fr\/blog\/wp-content\/uploads\/2017\/05\/facebook-logo-4.png 1024w\" sizes=\"auto, (max-width: 72px) 100vw, 72px\" \/><\/a> <a href=\"https:\/\/www.helloasso.com\/associations\/usv-education-physique\"><img loading=\"lazy\" decoding=\"async\" class=\"alignnone  wp-image-1690\" src=\"https:\/\/omsvillejuif.fr\/blog\/wp-content\/uploads\/2025\/02\/Logo-HelloAsso.png\" alt=\"\" width=\"181\" height=\"40\" \/><\/a><\/p>\n<p>&nbsp;<\/p>\n<p><strong>Gmail du club :<\/strong> <a href=\"mailto:bureauusveducationphysique@gmail.com\"><strong>bureauusveducationphysique@gmail.com<\/strong><\/a><br \/>\n<strong>Facebook :<\/strong> <a href=\"https:\/\/www.facebook.com\/USVEducationPhysique\"><strong>USV \u00e9ducation physique<\/strong><\/a><br \/>\n<strong>Helloasso :<\/strong> <a href=\"https:\/\/www.helloasso.com\/associations\/usv-education-physique\"><strong>https:\/\/www.helloasso.com\/associations\/usv-education-physique<\/strong><\/a><\/p>\n<p><strong>Inscriptions : <\/strong>elles sont ouvertes d\u00e8s la fin de la saison en cours pour les actuels adh\u00e9rents et \u00e0 partir du d\u00e9but Septembre pour les nouveaux.<\/p>\n<p><strong>La cotisation annuelle\u00a0actuelle :<\/strong> 190 euros. Le r\u00e8glement se fait en ligne, par ch\u00e8ques ou coupons sport<\/p>\n<p><span style=\"color: #ff0000;\"><strong>Une fois inscrit, tout membre a le droit d\u2019assister \u00e0 autant de cours qu\u2019il veut.<\/strong><\/span><\/p>\n<p><strong>Membres du bureau<\/strong>\u00a0:<br \/>\nChiraz HAMDI, Pr\u00e9sidente ; Laurence CAIRA, Vice-Pr\u00e9sidente ; Fahima CHENNINE, Tr\u00e9sori\u00e8re<\/p>\n<p>&nbsp;<\/p>\n","protected":false},"excerpt":{"rendered":"<p>Vous recherchez une activit\u00e9 physique ? N\u2019h\u00e9sitez-pas ! Dynamisme, forme, sant\u00e9 et convivialit\u00e9, tels sont les mots cl\u00e9s de l\u2019association Education Physique de Villejuif. Une dizaine de cours par semaine sont propos\u00e9s pour rester en forme : Pilates, renforcement musculaire, cardio fitness, zen balance, stretching, qi gong Sports de bien-\u00eatre et d\u2019entretien, mais pas que [&hellip;]<\/p>\n","protected":false},"author":3,"featured_media":0,"parent":105,"menu_order":0,"comment_status":"closed","ping_status":"closed","template":"page-templates\/full-width.php","meta":{"footnotes":""},"class_list":["post-232","page","type-page","status-publish","hentry"],"_links":{"self":[{"href":"https:\/\/omsvillejuif.fr\/blog\/wp-json\/wp\/v2\/pages\/232","targetHints":{"allow":["GET"]}}],"collection":[{"href":"https:\/\/omsvillejuif.fr\/blog\/wp-json\/wp\/v2\/pages"}],"about":[{"href":"https:\/\/omsvillejuif.fr\/blog\/wp-json\/wp\/v2\/types\/page"}],"author":[{"embeddable":true,"href":"https:\/\/omsvillejuif.fr\/blog\/wp-json\/wp\/v2\/users\/3"}],"replies":[{"embeddable":true,"href":"https:\/\/omsvillejuif.fr\/blog\/wp-json\/wp\/v2\/comments?post=232"}],"version-history":[{"count":31,"href":"https:\/\/omsvillejuif.fr\/blog\/wp-json\/wp\/v2\/pages\/232\/revisions"}],"predecessor-version":[{"id":1613,"href":"https:\/\/omsvillejuif.fr\/blog\/wp-json\/wp\/v2\/pages\/232\/revisions\/1613"}],"up":[{"embeddable":true,"href":"https:\/\/omsvillejuif.fr\/blog\/wp-json\/wp\/v2\/pages\/105"}],"wp:attachment":[{"href":"https:\/\/omsvillejuif.fr\/blog\/wp-json\/wp\/v2\/media?parent=232"}],"curies":[{"name":"wp","href":"https:\/\/api.w.org\/{rel}","templated":true}]}}