{"id":229,"date":"2017-06-10T12:58:34","date_gmt":"2017-06-10T10:58:34","guid":{"rendered":"http:\/\/omsvillejuif.fr\/blog\/?page_id=229"},"modified":"2025-08-18T10:29:25","modified_gmt":"2025-08-18T08:29:25","slug":"usv-echecs","status":"publish","type":"page","link":"https:\/\/omsvillejuif.fr\/blog\/liste-des-clubs-adherents\/usv-echecs\/","title":{"rendered":"USV Echecs"},"content":{"rendered":"<p><img loading=\"lazy\" decoding=\"async\" class=\"alignleft wp-image-507 size-large\" src=\"http:\/\/omsvillejuif.fr\/blog\/wp-content\/uploads\/2017\/06\/echecs-1024x512.jpg\" alt=\"\" width=\"625\" height=\"313\" srcset=\"https:\/\/omsvillejuif.fr\/blog\/wp-content\/uploads\/2017\/06\/echecs-1024x512.jpg 1024w, https:\/\/omsvillejuif.fr\/blog\/wp-content\/uploads\/2017\/06\/echecs-300x150.jpg 300w, https:\/\/omsvillejuif.fr\/blog\/wp-content\/uploads\/2017\/06\/echecs-768x384.jpg 768w, https:\/\/omsvillejuif.fr\/blog\/wp-content\/uploads\/2017\/06\/echecs-624x312.jpg 624w, https:\/\/omsvillejuif.fr\/blog\/wp-content\/uploads\/2017\/06\/echecs.jpg 1040w\" sizes=\"auto, (max-width: 625px) 100vw, 625px\" \/><\/p>\n<p>&nbsp;<\/p>\n<p><strong>Contact<\/strong><\/p>\n<p><span data-olk-copy-source=\"MessageBody\">Christophe HUCAULT<\/span><br \/>\nPr\u00e9sident<\/p>\n<p>T\u00e9l\u00e9phone : 06 &#8211; 07 &#8211; 76 &#8211; 88 &#8211; 13<br \/>\n<a href=\"mailto:usvechecs@gmail.com\"><img loading=\"lazy\" decoding=\"async\" class=\"alignnone wp-image-93\" src=\"http:\/\/omsvillejuif.fr\/blog\/wp-content\/uploads\/2017\/05\/Email.png\" alt=\"\" width=\"43\" height=\"43\" \/><\/a><br \/>\n<a title=\"Site web du club\" href=\"http:\/\/www.villejuifechecs.fr\" target=\"_blank\" rel=\"noopener\"><img loading=\"lazy\" decoding=\"async\" class=\"alignnone wp-image-95\" src=\"http:\/\/omsvillejuif.fr\/blog\/wp-content\/uploads\/2017\/05\/site-web.png\" alt=\"\" width=\"43\" height=\"43\" srcset=\"https:\/\/omsvillejuif.fr\/blog\/wp-content\/uploads\/2017\/05\/site-web.png 250w, https:\/\/omsvillejuif.fr\/blog\/wp-content\/uploads\/2017\/05\/site-web-150x150.png 150w\" sizes=\"auto, (max-width: 43px) 100vw, 43px\" \/><\/a><a title=\"Page Facebook du club\" href=\"https:\/\/www.facebook.com\/VillejuifEchecs\/\" target=\"_blank\" rel=\"noopener noreferrer\"><img loading=\"lazy\" decoding=\"async\" class=\"alignnone wp-image-94\" src=\"http:\/\/omsvillejuif.fr\/blog\/wp-content\/uploads\/2017\/05\/facebook-logo-4-300x300.png\" alt=\"\" width=\"43\" height=\"43\" srcset=\"https:\/\/omsvillejuif.fr\/blog\/wp-content\/uploads\/2017\/05\/facebook-logo-4-300x300.png 300w, https:\/\/omsvillejuif.fr\/blog\/wp-content\/uploads\/2017\/05\/facebook-logo-4-150x150.png 150w, https:\/\/omsvillejuif.fr\/blog\/wp-content\/uploads\/2017\/05\/facebook-logo-4-768x768.png 768w, https:\/\/omsvillejuif.fr\/blog\/wp-content\/uploads\/2017\/05\/facebook-logo-4-624x624.png 624w, https:\/\/omsvillejuif.fr\/blog\/wp-content\/uploads\/2017\/05\/facebook-logo-4.png 1024w\" sizes=\"auto, (max-width: 43px) 100vw, 43px\" \/><\/a><\/p>\n<p>&nbsp;<\/p>\n<p>&nbsp;<\/p>\n<p><strong>Descriptif de l\u2019association<\/strong><\/p>\n<p>Enfants, adultes ou retrait\u00e9s, nous vous proposons des activit\u00e9s adapt\u00e9es en privil\u00e9giant l\u2019esprit sportif et la convivialit\u00e9.<br \/>\nL\u2019\u00e9cole d\u2019\u00e9checs accueille les jeunes \u00e0 partir de 6 ans. Les grands d\u00e9butants y apprennent les rudiments du jeu, les plus aguerris se perfectionnent en \u00e9tudiant la th\u00e9orie et surtout en jouant.<br \/>\nNos activit\u00e9s sont des cours d\u2019\u00e9checs, analyses, parties amicales ou tournois de blitz (partie de 5mn par joueur), etc.<br \/>\nNous participons aux comp\u00e9titions d\u00e9partementales, r\u00e9gionales et nationales de la F\u00e9d\u00e9ration Fran\u00e7aise des \u00c9checs (FFE).<\/p>\n<p><strong>Informations sp\u00e9cifiques<\/strong><\/p>\n<p>Modalit\u00e9s d\u2019inscription \u00e0 voir directement au club.<\/p>\n<p><em>Cotisation de 130\u20ac.<br \/>\n<\/em><em>Suppl\u00e9ment pour la licence : prix en fonction de l&rsquo;\u00e2ge.<br \/>\n<\/em><em>Demi-tarif \u00e0 partir du 2<sup>\u00e8me<\/sup> inscrit dans la m\u00eame famille.<\/em><\/p>\n<p><strong>Lieux et horaires<\/strong><\/p>\n<p>Auberge Anne-Sylvestre<br \/>\nMPT G\u00e9rard Philippe<\/p>\n<p>Cours adultes :<br \/>\nlundi 19h30 &#8211; 21h (puis libre jusqu&rsquo;\u00e0 22h)<\/p>\n<p>Cours jeunes :<br \/>\nMercredi 14h &#8211; 16h45 (3 groupes de niveaux)<br \/>\nSamedi 14h &#8211; 18h (4 groupes de niveaux)<\/p>\n<p>Jeu libre le vendredi \u00e0 partir de 19h30<\/p>\n<p><img decoding=\"async\" src=\"https:\/\/attachment.outlook.live.net\/owa\/MSA%3Aomsvillejuif%40outlook.com\/service.svc\/s\/GetAttachmentThumbnail?id=AAkALgAAAAAAHYQDEapmEc2byACqAC%2FEWg0ANjJ53ByWtEuynQ08WNs5eAAH7Q9AmgAAARIAEADNfaor6gi0QrX%2BCderlCeF&amp;thumbnailType=2&amp;isc=1&amp;token=eyJhbGciOiJSUzI1NiIsInR5cCI6IkpXVCIsImtpZCI6IjlkZUpSS25XY0JqdGJLZHpXWkVJbjdSamNzWT0iLCJ4NXQiOiI5ZGVKUktuV2NCanRiS2R6V1pFSW43Umpjc1k9Iiwibm9uY2UiOiJUbW1RLWZkaVoyQ2xNUl9CX1o4TzJKckJCWm4wbXQ2eUlCenVkakFGWlJEamdTeG1YdEpiS3J0NndSUklBYTVaOWRHOHo3TUpFOGJoTzMtemIwcVBrNHVQcHpuY3FOTHdVbTRvU1VzZmZaeV9DdEFtSkpyN3l6VC1JSGgwZFVaZXlUQ3RvQlgyeWJGX3dSRDRxOEh4aDJqTWlhUnBhcTcyOTFWRXZYTWYxc0UiLCJpc3Nsb2MiOiJWSTZQUEY2RjY0NkMxRDYiLCJzcnNuIjo2Mzg5MDc4OTQ4MTY1MzY4MzF9.eyJzYXAtdmVyc2lvbiI6IjMyIiwiYXBwaWQiOiJhZjNlYmJiYS1jMjNmLTQ5MmEtYWE5My04MzQyMTY5NmVjNGIiLCJpc3NyaW5nIjoiV1ciLCJhcHBpZGFjciI6IjIiLCJhcHBfZGlzcGxheW5hbWUiOiIiLCJ1dGkiOiIxYWIyMzFkNC00MTU2LTRmOTgtOTE4MS1lYzc0N2Q5OWIyZTMiLCJpYXQiOjE3NTU1MDU2MzcsInZlciI6IlNUSS5Vc2VyLkNhbGxiYWNrVG9rZW4uVjEiLCJ0aWQiOiI4NGRmOWU3ZmU5ZjY0MGFmYjQzNWFhYWFhYWFhYWFhYSIsInRydXN0ZWRmb3JkZWxlZ2F0aW9uIjoiZmFsc2UiLCJ0b3BvbG9neSI6IntcIlR5cGVcIjpcIk1hY2hpbmVcIixcIlZhbHVlXCI6XCJWSTZQUEY2RjY0NkMxRDYuRVVSUDI1MS5QUk9ELk9VVExPT0suQ09NXCJ9IiwicmVxdWVzdG9yX2FwcGlkIjoiMTU3Y2RmYmYtNzM5OC00YTU2LTk2YzMtZTkzZTlhYjMwOWI1IiwicmVxdWVzdG9yX2FwcF9kaXNwbGF5bmFtZSI6Ik9mZmljZSAzNjUgRXhjaGFuZ2UgTWljcm9zZXJ2aWNlIiwic2NwIjoiT3dhQXR0YWNobWVudHMuUmVhZCIsIm9pZCI6IjAwMDM0MDAxLWZmZmUtOTQwMi0wMDAwLTAwMDAwMDAwMDAwMCIsInB1aWQiOiIwMDAzNDAwMUZGRkU5NDAyIiwic210cCI6Im9tc3ZpbGxlanVpZkBvdXRsb29rLmNvbSIsInVwbiI6Im9tc3ZpbGxlanVpZkBvdXRsb29rLmNvbSIsInVzZXJjYWxsYmFja3VzZXJjb250ZXh0aWQiOiI4NTA1NmNkMzlkMzU0ZjM4OGRhMzEwMGU0M2I0YzhlOSIsImVwayI6IntcImt0eVwiOlwiUlNBXCIsXCJuXCI6XCJzWkRuN3h6ZFc5NWxuLUFIZUpSaTVYR3E0NXdSU25qZFdMQW5BTmlpRWYyOHJ1NHVaZENmR2pyaXQ2UzdHVjVjUVU5X2NLQVFmMXliaEl1MldHczdtZmhvbXFqb19iOEFUMHp2N0t5WV84c1NzRTJIa3dIeTZzNUZ4ZEFQekQ1RHFfUTBDdk9IQk12MGNiT05BZnhxYnVxcTlQXzJ4NDZkWW50WkxISGtUNC1PSzVUNFd1OTQ0VVdHNEU4RnV1VkdBX09lcEJ6eHlIaWM3OHVBbWVFTkJ3NHVzQy1HaFhNc1RBNERLT0RSejAyN0hydXRmX25MZTZwejhoVS1RYjMxSktiWmV1MUtHVWJmemtFZ2E0NlRBQjRhY1NPWDZ0SGJVcVlLaGd0WDhvSHlRaDk2VVRPYWo4aFNHaEVMMHJMcnhScnNBRkdidFBMMlFnQTRjbWJwYVFcIixcImVcIjpcIkFRQUJcIixcImFsZ1wiOlwiUlMyNTZcIixcImV4cFwiOlwiMTc1NTU5NTU4N1wiLFwiZXhwX2RpZmZcIjpcIjg2NDAwXCIsXCJraWRcIjpcIjZONXNGY1J0WnlsOU1OUkZZckhuMjQwb1lXOFwifS5QRDV1TmkxQ21TWDZvTTVaRjFidis0bmM3REw1aGk0Y1pKcU9TeGFxTnNjQjFIYjkrT01jMzgxWmhibFdwTTNTZjJPeTRTUGdQKzZxdDF5OHgyRDFLbldDdUZ6b0VuU0xkRmJtRWNFUFBlT2dSYk5BOHJPd1p6Q3UxSHprN1Z4azZLRzNSQkgrMCtHSXMrUlRrajZ1Z0FxNDZUU25zSFMxVmExOVNVRDltWXdLOFZqMDIxelNHU21pNE01VHlxbFkwa3JsSHFscjMrd1c4QzV4RWFoTlR4V3NSOEs2cnRLQWZRTmpFMDkwOFdLekNyRFR2bWo4aVBVcHp5Z096QTNQOWY5Zlc0ZklwMUFXS3pWWUF6c1IvSnNtbDBPM2JiT29hNjBQUlI4Q3dmTVQ4MWphbWQwUjErN2dWeVdhZzI0N2Y5S21vVVBhMW9nWVJKbnE2SVdzTlE9PSIsIm5iZiI6MTc1NTUwNTYzNywiZXhwIjoxNzU1NTA1OTM3LCJpc3MiOiJodHRwczovL3N1YnN0cmF0ZS5vZmZpY2UuY29tL3N0cy8iLCJhdWQiOiJodHRwczovL291dGxvb2sub2ZmaWNlLmNvbSIsInNzZWMiOiJFN3JwcTFZeHlWNDZIMGJ4IiwiZXNzZWMiOiJhcnRpZmFjdC1hdXRvLXByb2R8TTM2NTIwMjUtMDYtMjNUMTg6MTU6NDMuMjU2Mjg5Mlp8QmlKU0ZzQ21oUE83TFcifQ.fm3q849uP3nJisullCDJXWwf2_80ZT0G_e98HNd9k7Q8VTLfg7Ih2X1PHnHD2CgsWvpBCo2bODWELYt5pQkpfkmtUM_pTqpispE80U4TP8mNE4c7GG5CyjZ5cq1ezcm5-1PiiChWD3MMXPjc8O6b97Jq4qoAQY_x179lZZvZNtm0SMyglp_aZx7fuLCKVUEOLnbkbvSVhOzlTfNHe6Zkh6pJmqCE4CYgZ_NuiIHcxeJaStN6aNr9ukPdr6V1ZGuXKirF0s3L-GtmiqN0aHYOGSaQpNiAYduCQ5NlcM_xC3SNVn82qsKRnG7eEkASaFk9HNUkg8w70m8zSIayIptp0w&amp;X-OWA-CANARY=X-OWA-CANARY_cookie_is_null_or_empty&amp;owa=outlook.office.com&amp;scriptVer=20250718004.10&amp;clientId=E5080BFDA88D4B538D673FF011FF2BF3&amp;animation=true&amp;persistenceId=50c97316-dddb-4768-b8ba-e13807990abb\" \/><\/p>\n","protected":false},"excerpt":{"rendered":"<p>&nbsp; Contact Christophe HUCAULT Pr\u00e9sident T\u00e9l\u00e9phone : 06 &#8211; 07 &#8211; 76 &#8211; 88 &#8211; 13 &nbsp; &nbsp; Descriptif de l\u2019association Enfants, adultes ou retrait\u00e9s, nous vous proposons des activit\u00e9s adapt\u00e9es en privil\u00e9giant l\u2019esprit sportif et la convivialit\u00e9. L\u2019\u00e9cole d\u2019\u00e9checs accueille les jeunes \u00e0 partir de 6 ans. Les grands d\u00e9butants y apprennent les rudiments [&hellip;]<\/p>\n","protected":false},"author":3,"featured_media":0,"parent":105,"menu_order":0,"comment_status":"closed","ping_status":"closed","template":"page-templates\/full-width.php","meta":{"footnotes":""},"class_list":["post-229","page","type-page","status-publish","hentry"],"_links":{"self":[{"href":"https:\/\/omsvillejuif.fr\/blog\/wp-json\/wp\/v2\/pages\/229","targetHints":{"allow":["GET"]}}],"collection":[{"href":"https:\/\/omsvillejuif.fr\/blog\/wp-json\/wp\/v2\/pages"}],"about":[{"href":"https:\/\/omsvillejuif.fr\/blog\/wp-json\/wp\/v2\/types\/page"}],"author":[{"embeddable":true,"href":"https:\/\/omsvillejuif.fr\/blog\/wp-json\/wp\/v2\/users\/3"}],"replies":[{"embeddable":true,"href":"https:\/\/omsvillejuif.fr\/blog\/wp-json\/wp\/v2\/comments?post=229"}],"version-history":[{"count":9,"href":"https:\/\/omsvillejuif.fr\/blog\/wp-json\/wp\/v2\/pages\/229\/revisions"}],"predecessor-version":[{"id":1659,"href":"https:\/\/omsvillejuif.fr\/blog\/wp-json\/wp\/v2\/pages\/229\/revisions\/1659"}],"up":[{"embeddable":true,"href":"https:\/\/omsvillejuif.fr\/blog\/wp-json\/wp\/v2\/pages\/105"}],"wp:attachment":[{"href":"https:\/\/omsvillejuif.fr\/blog\/wp-json\/wp\/v2\/media?parent=229"}],"curies":[{"name":"wp","href":"https:\/\/api.w.org\/{rel}","templated":true}]}}