{"id":206,"date":"2017-06-10T12:50:36","date_gmt":"2017-06-10T10:50:36","guid":{"rendered":"http:\/\/omsvillejuif.fr\/blog\/?page_id=206"},"modified":"2025-02-03T15:20:48","modified_gmt":"2025-02-03T14:20:48","slug":"taekwondo-hapkido","status":"publish","type":"page","link":"https:\/\/omsvillejuif.fr\/blog\/liste-des-clubs-adherents\/taekwondo-hapkido\/","title":{"rendered":"Taekwondo-Hapkido"},"content":{"rendered":"<p><img loading=\"lazy\" decoding=\"async\" class=\"wp-image-493 size-large alignleft\" src=\"http:\/\/omsvillejuif.fr\/blog\/wp-content\/uploads\/2017\/06\/A_IMG_0138_bb-1024x683.jpg\" alt=\"\" width=\"625\" height=\"417\" srcset=\"https:\/\/omsvillejuif.fr\/blog\/wp-content\/uploads\/2017\/06\/A_IMG_0138_bb.jpg 1024w, https:\/\/omsvillejuif.fr\/blog\/wp-content\/uploads\/2017\/06\/A_IMG_0138_bb-300x200.jpg 300w, https:\/\/omsvillejuif.fr\/blog\/wp-content\/uploads\/2017\/06\/A_IMG_0138_bb-768x512.jpg 768w, https:\/\/omsvillejuif.fr\/blog\/wp-content\/uploads\/2017\/06\/A_IMG_0138_bb-624x416.jpg 624w\" sizes=\"auto, (max-width: 625px) 100vw, 625px\" \/><\/p>\n<p>&nbsp;<\/p>\n<p><strong>Contact<\/strong><\/p>\n<p>R\u00e9mi Mollet<br \/>\nPr\u00e9sident<br \/>\n<a title=\"Adresse Email du club\" href=\"mailto:remimollet@sfr.fr\" target=\"_blank\" rel=\"noopener noreferrer\"><img loading=\"lazy\" decoding=\"async\" class=\"alignnone wp-image-93\" src=\"http:\/\/omsvillejuif.fr\/blog\/wp-content\/uploads\/2017\/05\/Email.png\" alt=\"\" width=\"43\" height=\"43\" \/><\/a><a title=\"Num\u00e9ro de tel +33 1 49 30 05 15\" href=\"tel:+33149300515\"><img loading=\"lazy\" decoding=\"async\" class=\"alignnone wp-image-97\" src=\"http:\/\/omsvillejuif.fr\/blog\/wp-content\/uploads\/2017\/05\/telephone-1-300x300.png\" alt=\"\" width=\"43\" height=\"43\" srcset=\"https:\/\/omsvillejuif.fr\/blog\/wp-content\/uploads\/2017\/05\/telephone-1-300x300.png 300w, https:\/\/omsvillejuif.fr\/blog\/wp-content\/uploads\/2017\/05\/telephone-1-150x150.png 150w, https:\/\/omsvillejuif.fr\/blog\/wp-content\/uploads\/2017\/05\/telephone-1.png 392w\" sizes=\"auto, (max-width: 43px) 100vw, 43px\" \/><\/a><a title=\"Num\u00e9ro de tel +33 6 95 90 44 08\" href=\"tel:+33695904408\"><img loading=\"lazy\" decoding=\"async\" class=\"alignnone wp-image-97\" src=\"http:\/\/omsvillejuif.fr\/blog\/wp-content\/uploads\/2017\/05\/telephone-1-300x300.png\" alt=\"\" width=\"43\" height=\"43\" srcset=\"https:\/\/omsvillejuif.fr\/blog\/wp-content\/uploads\/2017\/05\/telephone-1-300x300.png 300w, https:\/\/omsvillejuif.fr\/blog\/wp-content\/uploads\/2017\/05\/telephone-1-150x150.png 150w, https:\/\/omsvillejuif.fr\/blog\/wp-content\/uploads\/2017\/05\/telephone-1.png 392w\" sizes=\"auto, (max-width: 43px) 100vw, 43px\" \/><\/a><br \/>\n<a title=\"Site web du club\" href=\"http:\/\/www.taekwondovillejuif.fr\" target=\"_blank\" rel=\"noopener noreferrer\"><img loading=\"lazy\" decoding=\"async\" class=\"alignnone wp-image-95\" src=\"http:\/\/omsvillejuif.fr\/blog\/wp-content\/uploads\/2017\/05\/site-web.png\" alt=\"\" width=\"43\" height=\"43\" srcset=\"https:\/\/omsvillejuif.fr\/blog\/wp-content\/uploads\/2017\/05\/site-web.png 250w, https:\/\/omsvillejuif.fr\/blog\/wp-content\/uploads\/2017\/05\/site-web-150x150.png 150w\" sizes=\"auto, (max-width: 43px) 100vw, 43px\" \/><br \/>\n<\/a>Le club fait partie d&rsquo;une amicale de clubs<br \/>\n<a title=\"Page Facebook\" href=\"https:\/\/www.facebook.com\/cenacleRM\/\" target=\"_blank\" rel=\"noopener noreferrer\"><img loading=\"lazy\" decoding=\"async\" class=\"alignnone wp-image-94\" src=\"http:\/\/omsvillejuif.fr\/blog\/wp-content\/uploads\/2017\/05\/facebook-logo-4-300x300.png\" alt=\"\" width=\"43\" height=\"43\" srcset=\"https:\/\/omsvillejuif.fr\/blog\/wp-content\/uploads\/2017\/05\/facebook-logo-4-300x300.png 300w, https:\/\/omsvillejuif.fr\/blog\/wp-content\/uploads\/2017\/05\/facebook-logo-4-150x150.png 150w, https:\/\/omsvillejuif.fr\/blog\/wp-content\/uploads\/2017\/05\/facebook-logo-4-768x768.png 768w, https:\/\/omsvillejuif.fr\/blog\/wp-content\/uploads\/2017\/05\/facebook-logo-4-624x624.png 624w, https:\/\/omsvillejuif.fr\/blog\/wp-content\/uploads\/2017\/05\/facebook-logo-4.png 1024w\" sizes=\"auto, (max-width: 43px) 100vw, 43px\" \/><\/a><a title=\"Site web\" href=\"http:\/\/www.ceintureblanche.fr\" target=\"_blank\" rel=\"noopener noreferrer\"><img loading=\"lazy\" decoding=\"async\" class=\"alignnone wp-image-95\" src=\"http:\/\/omsvillejuif.fr\/blog\/wp-content\/uploads\/2017\/05\/site-web.png\" alt=\"\" width=\"43\" height=\"43\" srcset=\"https:\/\/omsvillejuif.fr\/blog\/wp-content\/uploads\/2017\/05\/site-web.png 250w, https:\/\/omsvillejuif.fr\/blog\/wp-content\/uploads\/2017\/05\/site-web-150x150.png 150w\" sizes=\"auto, (max-width: 43px) 100vw, 43px\" \/><\/a><\/p>\n<p><strong data-olk-copy-source=\"MessageBody\">Descriptif de l\u2019association<\/strong><\/p>\n<p>Le club enseigne conjointement deux disciplines cor\u00e9ennes : le Taekwondo et le TaekwonKido. Le Taekwondo est un art martial cor\u00e9en, discipline olympique, ax\u00e9 sur les techniques de jambes. Le TaekwonKido reprend les principes du Taekwondo mais en y ajoutant des techniques de pied-poing, des cl\u00e9s, des projections et amen\u00e9es au sol. Il est ax\u00e9 sur le self-d\u00e9fense et le combat r\u00e9el. Les comp\u00e9titions de TaekwonKido ne suivent pas les m\u00eames r\u00e8gles que celles du Taekwondo olympique (m\u00eame si l\u2019association y participe par ailleurs) : il y a en TaekwonKido des coups de poing visage, des projections et des amen\u00e9es au sol.<br \/>\nLe club aborde tous les aspects : art martial, self-d\u00e9fense, comp\u00e9tition, ma\u00eetrise de soi, etc.<br \/>\nDepuis 2017, le TaekwonKido est une discipline associ\u00e9e au sein de la F\u00e9d\u00e9ration Fran\u00e7aise de Taekwondo.<\/p>\n<p><strong>Informations sp\u00e9cifiques<\/strong><\/p>\n<p>Inscription sur place, au moment des entra\u00eenements. Fournir un certificat m\u00e9dical d\u2019aptitude. 10 enveloppes timbr\u00e9es et 3 photos d\u2019identit\u00e9.<\/p>\n<p>Section enfants : 6-12 ans<br \/>\nSection adultes : \u00e0 partir de 13 ans<\/p>\n<p><strong>Cotisations :<\/strong><em><br \/>\n<\/em><em>Enfants : 100\u20ac (1<sup>er<\/sup>\u00a0enfant) ; 90\u20ac (2<sup>\u00e8me<\/sup>\u00a0enfant) ; 80\u20ac (3<sup>\u00e8me<\/sup>\u00a0enfant) + 79\u20ac licences-assurances et tenue comprise.<br \/>\n<\/em><em>Adultes : 110\u20ac + 79\u20ac licences-assurance et tenue comprise.<\/em><\/p>\n<p><strong>Lieux et horaires<\/strong><\/p>\n<p>Dojo Lucie Decosse, 43 rue Pasteur<\/p>\n<p>LUNDI : 18h30-19h30 Enfants \/ 19h30-21h Ados et Adultes (13 ans et +)<\/p>\n<p>JEUDI\u00a0: 18h30-19h30 Enfants \/ 19h30-21h Ados et Adultes (13 ans et +)<\/p>\n<p>&nbsp;<\/p>\n","protected":false},"excerpt":{"rendered":"<p>&nbsp; Contact R\u00e9mi Mollet Pr\u00e9sident Le club fait partie d&rsquo;une amicale de clubs Descriptif de l\u2019association Le club enseigne conjointement deux disciplines cor\u00e9ennes : le Taekwondo et le TaekwonKido. Le Taekwondo est un art martial cor\u00e9en, discipline olympique, ax\u00e9 sur les techniques de jambes. Le TaekwonKido reprend les principes du Taekwondo mais en y ajoutant [&hellip;]<\/p>\n","protected":false},"author":3,"featured_media":0,"parent":105,"menu_order":0,"comment_status":"closed","ping_status":"closed","template":"page-templates\/full-width.php","meta":{"footnotes":""},"class_list":["post-206","page","type-page","status-publish","hentry"],"_links":{"self":[{"href":"https:\/\/omsvillejuif.fr\/blog\/wp-json\/wp\/v2\/pages\/206","targetHints":{"allow":["GET"]}}],"collection":[{"href":"https:\/\/omsvillejuif.fr\/blog\/wp-json\/wp\/v2\/pages"}],"about":[{"href":"https:\/\/omsvillejuif.fr\/blog\/wp-json\/wp\/v2\/types\/page"}],"author":[{"embeddable":true,"href":"https:\/\/omsvillejuif.fr\/blog\/wp-json\/wp\/v2\/users\/3"}],"replies":[{"embeddable":true,"href":"https:\/\/omsvillejuif.fr\/blog\/wp-json\/wp\/v2\/comments?post=206"}],"version-history":[{"count":7,"href":"https:\/\/omsvillejuif.fr\/blog\/wp-json\/wp\/v2\/pages\/206\/revisions"}],"predecessor-version":[{"id":1704,"href":"https:\/\/omsvillejuif.fr\/blog\/wp-json\/wp\/v2\/pages\/206\/revisions\/1704"}],"up":[{"embeddable":true,"href":"https:\/\/omsvillejuif.fr\/blog\/wp-json\/wp\/v2\/pages\/105"}],"wp:attachment":[{"href":"https:\/\/omsvillejuif.fr\/blog\/wp-json\/wp\/v2\/media?parent=206"}],"curies":[{"name":"wp","href":"https:\/\/api.w.org\/{rel}","templated":true}]}}