{"id":196,"date":"2017-06-10T12:45:40","date_gmt":"2017-06-10T10:45:40","guid":{"rendered":"http:\/\/omsvillejuif.fr\/blog\/?page_id=196"},"modified":"2025-08-22T11:48:03","modified_gmt":"2025-08-22T09:48:03","slug":"les-tourterelles","status":"publish","type":"page","link":"https:\/\/omsvillejuif.fr\/blog\/liste-des-clubs-adherents\/les-tourterelles\/","title":{"rendered":"Les Tourterelles"},"content":{"rendered":"<p><img loading=\"lazy\" decoding=\"async\" class=\"wp-image-373 alignleft\" src=\"http:\/\/omsvillejuif.fr\/blog\/wp-content\/uploads\/2017\/06\/tourterellesbulletin-300x124.png\" alt=\"\" width=\"620\" height=\"257\" srcset=\"https:\/\/omsvillejuif.fr\/blog\/wp-content\/uploads\/2017\/06\/tourterellesbulletin-300x124.png 300w, https:\/\/omsvillejuif.fr\/blog\/wp-content\/uploads\/2017\/06\/tourterellesbulletin-768x318.png 768w, https:\/\/omsvillejuif.fr\/blog\/wp-content\/uploads\/2017\/06\/tourterellesbulletin-624x258.png 624w, https:\/\/omsvillejuif.fr\/blog\/wp-content\/uploads\/2017\/06\/tourterellesbulletin.png 771w\" sizes=\"auto, (max-width: 620px) 100vw, 620px\" \/><\/p>\n<p>&nbsp;<\/p>\n<p><strong>Contact<\/strong><\/p>\n<p>Stevan SCHNEIDER<br \/>\nPr\u00e9sident<br \/>\n<a title=\"Adresse Email du club\" href=\"mailto:lestourterellesdevillejuif@gmail.com\" target=\"_blank\" rel=\"noopener\"><img loading=\"lazy\" decoding=\"async\" class=\"alignnone wp-image-93\" src=\"http:\/\/omsvillejuif.fr\/blog\/wp-content\/uploads\/2017\/05\/Email.png\" alt=\"\" width=\"43\" height=\"43\" \/><\/a><a title=\"Num\u00e9ro de tel +33 6 88 63 05 48\" href=\"tel:+33688630548\"><img loading=\"lazy\" decoding=\"async\" class=\"alignnone wp-image-97\" src=\"http:\/\/omsvillejuif.fr\/blog\/wp-content\/uploads\/2017\/05\/telephone-1-300x300.png\" alt=\"\" width=\"43\" height=\"43\" srcset=\"https:\/\/omsvillejuif.fr\/blog\/wp-content\/uploads\/2017\/05\/telephone-1-300x300.png 300w, https:\/\/omsvillejuif.fr\/blog\/wp-content\/uploads\/2017\/05\/telephone-1-150x150.png 150w, https:\/\/omsvillejuif.fr\/blog\/wp-content\/uploads\/2017\/05\/telephone-1.png 392w\" sizes=\"auto, (max-width: 43px) 100vw, 43px\" \/><\/a><\/p>\n<p>&nbsp;<\/p>\n<p><strong>Descriptif de l\u2019association<\/strong><\/p>\n<p><strong><u>HANDI-VALIDE \u2013 Sport Partag\u00e9 (enfant\/parent)<br \/>\n<\/u><\/strong><\/p>\n<p>L\u2019association est ouverte depuis juin 2014 pour<em> les enfants<\/em> <em>valides, malades et en situation de handicap<\/em> d\u00e9sirant pratiquer une activit\u00e9 autour des valeurs du sport. Elle propose des activit\u00e9s multisports ludiques pour tous : escrime, tir \u00e0 l\u2019arc, hockey, football, volley, boxe, basketball, tennis, kin-ball, saut \u00e0 la corde, et des parcours de motricit\u00e9 et d\u2019\u00e9quilibre\u2026<\/p>\n<p>Les b\u00e9n\u00e9voles et parents encadrent les activit\u00e9s : les parents sont acteurs de l\u2019activit\u00e9 avec leur enfant pendant la s\u00e9ance (mise en place des ateliers et rangement du mat\u00e9riel parents\/enfants).<\/p>\n<p>Le parent co-anime la s\u00e9ance de son enfant pour partager ce moment via le sport et d\u00e9couvrir la pratique sportive avec son enfant, pour l\u2019apprentissage d\u2019une meilleure motricit\u00e9 et autonomie pour son d\u00e9veloppement personnel. L\u2019association est affili\u00e9e \u00e0 la FSGT 94.<\/p>\n<p><strong>Informations sp\u00e9cifiques<\/strong><\/p>\n<p>Fournir un certificat m\u00e9dical et une photo d\u2019identit\u00e9.<br \/>\n<em>Cotisation de 60\u20ac<\/em><\/p>\n<p><strong>Lieux et horaires<\/strong><\/p>\n<p>Gymnase Maximilien Robespierre. 8, rue Daumier<\/p>\n<p class=\"x_MsoNormal\"><span data-ogsc=\"rgb(0, 0, 255)\" data-olk-copy-source=\"MessageBody\">Samedi :\u00a0<\/span><\/p>\n<p class=\"x_MsoNormal\"><span data-ogsc=\"rgb(0, 0, 255)\"><span class=\"x_gmail_default\" data-ogsc=\"rgb(0, 0, 255)\">*\u00a0<\/span>9h \u00e0 10h : de 1 an \u00e0 3 ans (avant PS)<br \/>\n<\/span><span data-ogsc=\"rgb(0, 0, 255)\"><span class=\"x_gmail_default\" data-ogsc=\"rgb(0, 0, 255)\">*\u00a0<\/span>10h \u00e0 11h : de 3 ans \u00e0 5 ans (PS\/MS)<br \/>\n<\/span><span data-ogsc=\"rgb(0, 0, 255)\"><span class=\"x_gmail_default\" data-ogsc=\"rgb(0, 0, 255)\">*\u00a0<\/span>11h \u00e0 12h : 5 ans et plus (GS et +)<\/span><\/p>\n<p>&nbsp;<\/p>\n<p>&nbsp;<\/p>\n","protected":false},"excerpt":{"rendered":"<p>&nbsp; Contact Stevan SCHNEIDER Pr\u00e9sident &nbsp; Descriptif de l\u2019association HANDI-VALIDE \u2013 Sport Partag\u00e9 (enfant\/parent) L\u2019association est ouverte depuis juin 2014 pour les enfants valides, malades et en situation de handicap d\u00e9sirant pratiquer une activit\u00e9 autour des valeurs du sport. Elle propose des activit\u00e9s multisports ludiques pour tous : escrime, tir \u00e0 l\u2019arc, hockey, football, volley, [&hellip;]<\/p>\n","protected":false},"author":3,"featured_media":0,"parent":105,"menu_order":0,"comment_status":"closed","ping_status":"closed","template":"page-templates\/full-width.php","meta":{"footnotes":""},"class_list":["post-196","page","type-page","status-publish","hentry"],"_links":{"self":[{"href":"https:\/\/omsvillejuif.fr\/blog\/wp-json\/wp\/v2\/pages\/196","targetHints":{"allow":["GET"]}}],"collection":[{"href":"https:\/\/omsvillejuif.fr\/blog\/wp-json\/wp\/v2\/pages"}],"about":[{"href":"https:\/\/omsvillejuif.fr\/blog\/wp-json\/wp\/v2\/types\/page"}],"author":[{"embeddable":true,"href":"https:\/\/omsvillejuif.fr\/blog\/wp-json\/wp\/v2\/users\/3"}],"replies":[{"embeddable":true,"href":"https:\/\/omsvillejuif.fr\/blog\/wp-json\/wp\/v2\/comments?post=196"}],"version-history":[{"count":10,"href":"https:\/\/omsvillejuif.fr\/blog\/wp-json\/wp\/v2\/pages\/196\/revisions"}],"predecessor-version":[{"id":1767,"href":"https:\/\/omsvillejuif.fr\/blog\/wp-json\/wp\/v2\/pages\/196\/revisions\/1767"}],"up":[{"embeddable":true,"href":"https:\/\/omsvillejuif.fr\/blog\/wp-json\/wp\/v2\/pages\/105"}],"wp:attachment":[{"href":"https:\/\/omsvillejuif.fr\/blog\/wp-json\/wp\/v2\/media?parent=196"}],"curies":[{"name":"wp","href":"https:\/\/api.w.org\/{rel}","templated":true}]}}