{"id":192,"date":"2017-06-10T12:42:15","date_gmt":"2017-06-10T10:42:15","guid":{"rendered":"http:\/\/omsvillejuif.fr\/blog\/?page_id=192"},"modified":"2021-07-21T09:33:58","modified_gmt":"2021-07-21T07:33:58","slug":"asfi-villejuif-athletisme","status":"publish","type":"page","link":"https:\/\/omsvillejuif.fr\/blog\/liste-des-clubs-adherents\/asfi-villejuif-athletisme\/","title":{"rendered":"ASFI Villejuif Athl\u00e9tisme"},"content":{"rendered":"<p><img loading=\"lazy\" decoding=\"async\" class=\"wp-image-518 size-large alignleft\" src=\"http:\/\/omsvillejuif.fr\/blog\/wp-content\/uploads\/2017\/06\/asfi-1024x522.png\" alt=\"\" width=\"625\" height=\"319\" srcset=\"https:\/\/omsvillejuif.fr\/blog\/wp-content\/uploads\/2017\/06\/asfi-1024x522.png 1024w, https:\/\/omsvillejuif.fr\/blog\/wp-content\/uploads\/2017\/06\/asfi-300x153.png 300w, https:\/\/omsvillejuif.fr\/blog\/wp-content\/uploads\/2017\/06\/asfi-768x392.png 768w, https:\/\/omsvillejuif.fr\/blog\/wp-content\/uploads\/2017\/06\/asfi-624x318.png 624w, https:\/\/omsvillejuif.fr\/blog\/wp-content\/uploads\/2017\/06\/asfi.png 1043w\" sizes=\"auto, (max-width: 625px) 100vw, 625px\" \/><\/p>\n<p>&nbsp;<\/p>\n<p><strong>Contact<\/strong><\/p>\n<p>Lo\u00efc Steinville<br \/>\n<a title=\"Adresse Email du club\" href=\"mailto:asfivillejuif@free.fr\" target=\"_blank\" rel=\"noopener noreferrer\"><img loading=\"lazy\" decoding=\"async\" class=\"alignnone wp-image-93\" src=\"http:\/\/omsvillejuif.fr\/blog\/wp-content\/uploads\/2017\/05\/Email.png\" alt=\"\" width=\"43\" height=\"43\" \/><\/a><a title=\"Num\u00e9ro de tel +33 1 43 90 71 61\" href=\"tel:+33143907161\"><img loading=\"lazy\" decoding=\"async\" class=\"alignnone wp-image-97\" src=\"http:\/\/omsvillejuif.fr\/blog\/wp-content\/uploads\/2017\/05\/telephone-1-300x300.png\" alt=\"\" width=\"43\" height=\"43\" srcset=\"https:\/\/omsvillejuif.fr\/blog\/wp-content\/uploads\/2017\/05\/telephone-1-300x300.png 300w, https:\/\/omsvillejuif.fr\/blog\/wp-content\/uploads\/2017\/05\/telephone-1-150x150.png 150w, https:\/\/omsvillejuif.fr\/blog\/wp-content\/uploads\/2017\/05\/telephone-1.png 392w\" sizes=\"auto, (max-width: 43px) 100vw, 43px\" \/><\/a><br \/>\n<a title=\"Site web du club\" href=\"http:\/\/www.asfivillejuif.com\" target=\"_blank\" rel=\"noopener noreferrer\"><img loading=\"lazy\" decoding=\"async\" class=\"alignnone wp-image-95\" src=\"http:\/\/omsvillejuif.fr\/blog\/wp-content\/uploads\/2017\/05\/site-web.png\" alt=\"\" width=\"43\" height=\"43\" srcset=\"https:\/\/omsvillejuif.fr\/blog\/wp-content\/uploads\/2017\/05\/site-web.png 250w, https:\/\/omsvillejuif.fr\/blog\/wp-content\/uploads\/2017\/05\/site-web-150x150.png 150w\" sizes=\"auto, (max-width: 43px) 100vw, 43px\" \/><\/a><a title=\"Page Facebook du club\" href=\"https:\/\/www.facebook.com\/ASFIVLF\/\" target=\"_blank\" rel=\"noopener noreferrer\"><img loading=\"lazy\" decoding=\"async\" class=\"alignnone wp-image-94\" src=\"http:\/\/omsvillejuif.fr\/blog\/wp-content\/uploads\/2017\/05\/facebook-logo-4-300x300.png\" alt=\"\" width=\"43\" height=\"43\" srcset=\"https:\/\/omsvillejuif.fr\/blog\/wp-content\/uploads\/2017\/05\/facebook-logo-4-300x300.png 300w, https:\/\/omsvillejuif.fr\/blog\/wp-content\/uploads\/2017\/05\/facebook-logo-4-150x150.png 150w, https:\/\/omsvillejuif.fr\/blog\/wp-content\/uploads\/2017\/05\/facebook-logo-4-768x768.png 768w, https:\/\/omsvillejuif.fr\/blog\/wp-content\/uploads\/2017\/05\/facebook-logo-4-624x624.png 624w, https:\/\/omsvillejuif.fr\/blog\/wp-content\/uploads\/2017\/05\/facebook-logo-4.png 1024w\" sizes=\"auto, (max-width: 43px) 100vw, 43px\" \/><\/a><\/p>\n<p>&nbsp;<\/p>\n<p>&nbsp;<\/p>\n<p><strong>Descriptif de l\u2019association<\/strong><\/p>\n<p>Sport universel, l\u2019athl\u00e9tisme permet de mettre en valeur des qualit\u00e9s de vitesse, d\u2019endurance, de d\u00e9tente ou de force. Cette activit\u00e9 regroupe diff\u00e9rentes disciplines o\u00f9 chacun peut trouver du plaisir parmi les nombreuses \u00e9preuves que propose ce sport\u00a0: courses (sprint et\/ou endurance, haies, relais, marche), sauts (perche, hauteur, longueur, triple saut), lancers (poids, javelot, marteau, disque), marche nordique, remise en forme, running sous la responsabilit\u00e9 et le savoir-faire de dix entra\u00eeneurs.<\/p>\n<p><strong>Informations sp\u00e9cifiques<\/strong><\/p>\n<p>Fournir un certificat m\u00e9dical de non contre-indication \u00e0 la pratique du sport (ou de l\u2019athl\u00e9tisme) en comp\u00e9tition (de moins de 6 mois). Une photo d\u2019identit\u00e9 et une autorisation parentale. Fiche d\u2019inscription \u00e0 retirer au stade Louis Dolly.<\/p>\n<p><em>Cotisation\u00a0:<br \/>\n<\/em><em>Enfants\/jeunes de moins de 12 ans\u00a0: 160\u20ac<br \/>\n<\/em><em>Marche nordique\/remise en forme\u00a0: 170\u20ac<br \/>\n<\/em><em>Adultes et jeunes de 12 ans et plus\u00a0: <\/em><em>190\u20ac pour une premi\u00e8re inscription (avec maillot du club), 170\u20ac pour le renouvellement de l\u2019inscription.<\/em><\/p>\n<p><strong>Lieux et horaires<\/strong><\/p>\n<p>Stade d\u2019athl\u00e9tisme Louis Dolly. 22, rue Auguste Perret<\/p>\n<p><img loading=\"lazy\" decoding=\"async\" class=\"alignnone wp-image-520\" src=\"http:\/\/omsvillejuif.fr\/blog\/wp-content\/uploads\/2017\/06\/tableau-bulletin-asfi-300x251.png\" alt=\"\" width=\"360\" height=\"301\" srcset=\"https:\/\/omsvillejuif.fr\/blog\/wp-content\/uploads\/2017\/06\/tableau-bulletin-asfi-300x251.png 300w, https:\/\/omsvillejuif.fr\/blog\/wp-content\/uploads\/2017\/06\/tableau-bulletin-asfi-768x643.png 768w, https:\/\/omsvillejuif.fr\/blog\/wp-content\/uploads\/2017\/06\/tableau-bulletin-asfi-624x522.png 624w, https:\/\/omsvillejuif.fr\/blog\/wp-content\/uploads\/2017\/06\/tableau-bulletin-asfi.png 870w\" sizes=\"auto, (max-width: 360px) 100vw, 360px\" \/><\/p>\n<p>&nbsp;<\/p>\n","protected":false},"excerpt":{"rendered":"<p>&nbsp; Contact Lo\u00efc Steinville &nbsp; &nbsp; Descriptif de l\u2019association Sport universel, l\u2019athl\u00e9tisme permet de mettre en valeur des qualit\u00e9s de vitesse, d\u2019endurance, de d\u00e9tente ou de force. Cette activit\u00e9 regroupe diff\u00e9rentes disciplines o\u00f9 chacun peut trouver du plaisir parmi les nombreuses \u00e9preuves que propose ce sport\u00a0: courses (sprint et\/ou endurance, haies, relais, marche), sauts (perche, [&hellip;]<\/p>\n","protected":false},"author":3,"featured_media":0,"parent":105,"menu_order":0,"comment_status":"closed","ping_status":"closed","template":"page-templates\/full-width.php","meta":{"footnotes":""},"class_list":["post-192","page","type-page","status-publish","hentry"],"_links":{"self":[{"href":"https:\/\/omsvillejuif.fr\/blog\/wp-json\/wp\/v2\/pages\/192","targetHints":{"allow":["GET"]}}],"collection":[{"href":"https:\/\/omsvillejuif.fr\/blog\/wp-json\/wp\/v2\/pages"}],"about":[{"href":"https:\/\/omsvillejuif.fr\/blog\/wp-json\/wp\/v2\/types\/page"}],"author":[{"embeddable":true,"href":"https:\/\/omsvillejuif.fr\/blog\/wp-json\/wp\/v2\/users\/3"}],"replies":[{"embeddable":true,"href":"https:\/\/omsvillejuif.fr\/blog\/wp-json\/wp\/v2\/comments?post=192"}],"version-history":[{"count":10,"href":"https:\/\/omsvillejuif.fr\/blog\/wp-json\/wp\/v2\/pages\/192\/revisions"}],"predecessor-version":[{"id":1504,"href":"https:\/\/omsvillejuif.fr\/blog\/wp-json\/wp\/v2\/pages\/192\/revisions\/1504"}],"up":[{"embeddable":true,"href":"https:\/\/omsvillejuif.fr\/blog\/wp-json\/wp\/v2\/pages\/105"}],"wp:attachment":[{"href":"https:\/\/omsvillejuif.fr\/blog\/wp-json\/wp\/v2\/media?parent=192"}],"curies":[{"name":"wp","href":"https:\/\/api.w.org\/{rel}","templated":true}]}}