{"id":150,"date":"2017-06-09T15:55:08","date_gmt":"2017-06-09T13:55:08","guid":{"rendered":"http:\/\/omsvillejuif.fr\/blog\/?page_id=150"},"modified":"2025-10-07T15:34:39","modified_gmt":"2025-10-07T13:34:39","slug":"loms","status":"publish","type":"page","link":"https:\/\/omsvillejuif.fr\/blog\/loms\/","title":{"rendered":"L&rsquo;OMS"},"content":{"rendered":"<p style=\"text-align: justify;\">L&rsquo;Office Municipal des Sports de Villejuif est une association r\u00e9gie par la loi 1901. L&rsquo;OMS a pour vocation de rassembler, de soutenir et de faciliter la concertation\u00a0du milieu associatif sportif. L&rsquo;OMS contribue au d\u00e9veloppement des activit\u00e9s physiques et sportives en\u00a0mutualisant les id\u00e9es et les suggestions \u00e9manant du milieu sportif, et en \u00e9tant force de propositions, sur toutes les th\u00e9matiques en lien avec l&rsquo;activit\u00e9 sportive, aupr\u00e8s du Service Municipal des Sports de la Ville de Villejuif, qui repr\u00e9sente un interlocuteur privil\u00e9gi\u00e9.<\/p>\n<p><a href=\"https:\/\/www.villejuif.fr\/toutes-les-publications\/guide-des-sports-2025-2026\">Guide des Sports de Villejuif 2025-2026<\/a><\/p>\n<p>&nbsp;<\/p>\n<p style=\"text-align: justify;\"><strong>Le mot de la pr\u00e9sidente<\/strong><\/p>\n<p data-ogsc=\"black\" data-olk-copy-source=\"MessageBody\"><em>Chers clubs adh\u00e9rents \u00e0 l\u2019OMS,<\/em><\/p>\n<p data-ogsc=\"black\"><em>J\u2019ai l\u2019honneur d\u2019\u00eatre la nouvelle pr\u00e9sidente de l\u2019Office Municipal des Sports de Villejuif pour le mandat 2025-2028. Le bureau directeur sera compos\u00e9 de Florent Guilon secr\u00e9taire et Laurent Durepais tr\u00e9sorier et vice-pr\u00e9sident.<\/em><\/p>\n<p data-ogsc=\"black\"><em>Avec les membres du comit\u00e9 directeur \u00e9lus \u00e0 nos c\u00f4t\u00e9s\u00a0: Anne Carayon, Youssef Mountabih, Paul Vincent Quilichini et Sylvie Simon, nous souhaitons ensemble une nouvelle dynamique pour f\u00e9d\u00e9rer les clubs membres de l\u2019OMS. Nous allons tout d\u2019abord \u0153uvrer avec Laurent Perlin notre salari\u00e9, sur le projet sportif de l\u2019OMS pour cette olympiade.<\/em><\/p>\n<p data-ogsc=\"black\"><em>Nous allons \u00e9galement relancer la communication avec le site internet de l\u2019OMS, ainsi que sa page Facebook afin de promouvoir \u00e0 la fois les activit\u00e9s physiques pour tous, et l\u2019excellence sportive villejuifoise. Et ce aussi bien en termes d\u2019organisations que de r\u00e9sultats sportifs.<\/em><\/p>\n<p data-ogsc=\"black\"><em>Enfin, en ce dernier jour de janvier, je souhaite vous pr\u00e9senter pour cette ann\u00e9e 2025, ainsi qu\u2019\u00e0 l\u2019ensemble de vos adh\u00e9rents, mes meilleurs v\u0153ux de bonheur, de sant\u00e9 et de r\u00e9ussite dans tous vos projets.<\/em><\/p>\n<p data-ogsc=\"black\"><em>S\u00e9verine Lanoue<\/em><\/p>\n<p data-ogsc=\"black\"><em>Pr\u00e9sidente de l\u2019Office Municipal des Sports de Villejuif<br \/>\n<\/em><\/p>\n<p data-ogsc=\"black\">31\/01\/2025<\/p>\n<p>&nbsp;<\/p>\n<p style=\"text-align: justify;\"><strong>Les commissions<\/strong><\/p>\n<p style=\"text-align: justify;\">Les acteurs du sport villejuifois sont r\u00e9unis dans des commissions de travail sur diff\u00e9rentes th\u00e9matiques : subventions, planning des salles, partenariats, \u00e9v\u00e9nements, fonctionnement et dysfonctionnement&#8230;<\/p>\n<p><img loading=\"lazy\" decoding=\"async\" class=\"alignnone wp-image-654 size-large\" src=\"http:\/\/omsvillejuif.fr\/blog\/wp-content\/uploads\/2017\/06\/Commissions-1024x478.png\" alt=\"\" width=\"625\" height=\"292\" srcset=\"https:\/\/omsvillejuif.fr\/blog\/wp-content\/uploads\/2017\/06\/Commissions-1024x478.png 1024w, https:\/\/omsvillejuif.fr\/blog\/wp-content\/uploads\/2017\/06\/Commissions-300x140.png 300w, https:\/\/omsvillejuif.fr\/blog\/wp-content\/uploads\/2017\/06\/Commissions-768x358.png 768w, https:\/\/omsvillejuif.fr\/blog\/wp-content\/uploads\/2017\/06\/Commissions-624x291.png 624w, https:\/\/omsvillejuif.fr\/blog\/wp-content\/uploads\/2017\/06\/Commissions.png 1286w\" sizes=\"auto, (max-width: 625px) 100vw, 625px\" \/><\/p>\n<p style=\"text-align: justify;\"><span style=\"color: #ff0000;\">Vous souhaitez int\u00e9grer une commission ?<\/span><br \/>\n<span style=\"color: #ff0000;\"> Faites-le savoir \u00e0 l&rsquo;aide du formulaire <a href=\"http:\/\/omsvillejuif.fr\/blog\/nous-contacter\/\">Nous contacter&#8230;<\/a><\/span><\/p>\n<p>&nbsp;<\/p>\n","protected":false},"excerpt":{"rendered":"<p>L&rsquo;Office Municipal des Sports de Villejuif est une association r\u00e9gie par la loi 1901. L&rsquo;OMS a pour vocation de rassembler, de soutenir et de faciliter la concertation\u00a0du milieu associatif sportif. L&rsquo;OMS contribue au d\u00e9veloppement des activit\u00e9s physiques et sportives en\u00a0mutualisant les id\u00e9es et les suggestions \u00e9manant du milieu sportif, et en \u00e9tant force de propositions, [&hellip;]<\/p>\n","protected":false},"author":3,"featured_media":0,"parent":0,"menu_order":0,"comment_status":"closed","ping_status":"closed","template":"","meta":{"footnotes":""},"class_list":["post-150","page","type-page","status-publish","hentry"],"_links":{"self":[{"href":"https:\/\/omsvillejuif.fr\/blog\/wp-json\/wp\/v2\/pages\/150","targetHints":{"allow":["GET"]}}],"collection":[{"href":"https:\/\/omsvillejuif.fr\/blog\/wp-json\/wp\/v2\/pages"}],"about":[{"href":"https:\/\/omsvillejuif.fr\/blog\/wp-json\/wp\/v2\/types\/page"}],"author":[{"embeddable":true,"href":"https:\/\/omsvillejuif.fr\/blog\/wp-json\/wp\/v2\/users\/3"}],"replies":[{"embeddable":true,"href":"https:\/\/omsvillejuif.fr\/blog\/wp-json\/wp\/v2\/comments?post=150"}],"version-history":[{"count":19,"href":"https:\/\/omsvillejuif.fr\/blog\/wp-json\/wp\/v2\/pages\/150\/revisions"}],"predecessor-version":[{"id":1774,"href":"https:\/\/omsvillejuif.fr\/blog\/wp-json\/wp\/v2\/pages\/150\/revisions\/1774"}],"wp:attachment":[{"href":"https:\/\/omsvillejuif.fr\/blog\/wp-json\/wp\/v2\/media?parent=150"}],"curies":[{"name":"wp","href":"https:\/\/api.w.org\/{rel}","templated":true}]}}