{"id":127,"date":"2017-06-12T16:19:07","date_gmt":"2017-06-12T14:19:07","guid":{"rendered":"http:\/\/omsvillejuif.fr\/blog\/?page_id=127"},"modified":"2021-06-26T08:37:30","modified_gmt":"2021-06-26T06:37:30","slug":"usv-roller","status":"publish","type":"page","link":"https:\/\/omsvillejuif.fr\/blog\/liste-des-clubs-adherents\/usv-roller\/","title":{"rendered":"USV Roller"},"content":{"rendered":"<p><img loading=\"lazy\" decoding=\"async\" class=\"wp-image-449 alignleft\" src=\"http:\/\/omsvillejuif.fr\/blog\/wp-content\/uploads\/2017\/06\/BulletinOMS2017_USVROLLER01-300x181.png\" alt=\"\" width=\"588\" height=\"355\" srcset=\"https:\/\/omsvillejuif.fr\/blog\/wp-content\/uploads\/2017\/06\/BulletinOMS2017_USVROLLER01-300x181.png 300w, https:\/\/omsvillejuif.fr\/blog\/wp-content\/uploads\/2017\/06\/BulletinOMS2017_USVROLLER01-768x463.png 768w, https:\/\/omsvillejuif.fr\/blog\/wp-content\/uploads\/2017\/06\/BulletinOMS2017_USVROLLER01-624x376.png 624w, https:\/\/omsvillejuif.fr\/blog\/wp-content\/uploads\/2017\/06\/BulletinOMS2017_USVROLLER01.png 960w\" sizes=\"auto, (max-width: 588px) 100vw, 588px\" \/><br \/>\n<strong>Contact<\/strong><br \/>\nOlivier Prott<br \/>\nPr\u00e9sident<br \/>\n<a title=\"Adresse Email du club\" href=\"mailto:infos@usv-roller.com\" target=\"_blank\" rel=\"noopener noreferrer\"><img loading=\"lazy\" decoding=\"async\" class=\"alignnone wp-image-93\" src=\"http:\/\/omsvillejuif.fr\/blog\/wp-content\/uploads\/2017\/05\/Email.png\" alt=\"\" width=\"43\" height=\"43\" \/><\/a><\/p>\n<p><a title=\"Site web du club\" href=\"http:\/\/www.usv-roller.com\" target=\"_blank\" rel=\"noopener noreferrer\"><img loading=\"lazy\" decoding=\"async\" class=\"alignnone wp-image-95\" src=\"http:\/\/omsvillejuif.fr\/blog\/wp-content\/uploads\/2017\/05\/site-web.png\" alt=\"\" width=\"43\" height=\"43\" srcset=\"https:\/\/omsvillejuif.fr\/blog\/wp-content\/uploads\/2017\/05\/site-web.png 250w, https:\/\/omsvillejuif.fr\/blog\/wp-content\/uploads\/2017\/05\/site-web-150x150.png 150w\" sizes=\"auto, (max-width: 43px) 100vw, 43px\" \/><\/a><\/p>\n<p><a title=\"Page Facebook du club\" href=\"https:\/\/www.facebook.com\/USVillejuifRoller\/\" target=\"_blank\" rel=\"noopener noreferrer\"><img loading=\"lazy\" decoding=\"async\" class=\"alignnone wp-image-94\" src=\"http:\/\/omsvillejuif.fr\/blog\/wp-content\/uploads\/2017\/05\/facebook-logo-4-300x300.png\" alt=\"\" width=\"43\" height=\"43\" srcset=\"https:\/\/omsvillejuif.fr\/blog\/wp-content\/uploads\/2017\/05\/facebook-logo-4-300x300.png 300w, https:\/\/omsvillejuif.fr\/blog\/wp-content\/uploads\/2017\/05\/facebook-logo-4-150x150.png 150w, https:\/\/omsvillejuif.fr\/blog\/wp-content\/uploads\/2017\/05\/facebook-logo-4-768x768.png 768w, https:\/\/omsvillejuif.fr\/blog\/wp-content\/uploads\/2017\/05\/facebook-logo-4-624x624.png 624w, https:\/\/omsvillejuif.fr\/blog\/wp-content\/uploads\/2017\/05\/facebook-logo-4.png 1024w\" sizes=\"auto, (max-width: 43px) 100vw, 43px\" \/><\/a><\/p>\n<p>&nbsp;<\/p>\n<p>&nbsp;<\/p>\n<p><strong>Descriptif de l\u2019association<\/strong><\/p>\n<p>Apprendre le roller avec un club qui vous accompagnera jusqu\u2019\u00e0 la comp\u00e9tition. Une \u00e9cole de patinage prend en charge les adh\u00e9rents avant de les orienter vers les disciplines pratiqu\u00e9es\u00a0:<\/p>\n<ul>\n<li>Rink-hockey pour tous les \u00e2ges en comp\u00e9tition (mixte)<\/li>\n<li>Roller derby pour les adultes (pratiqu\u00e9 en majorit\u00e9 par les f\u00e9minines)<\/li>\n<li>Roller course pour les adultes (un collectif qui s\u2019entra\u00eene en ext\u00e9rieur)<\/li>\n<\/ul>\n<p>\u00c9cole de patinage\u00a0: activit\u00e9s ludiques propos\u00e9es \u00e0 partir de 5 ans et aux adultes tous les samedis.<br \/>\nBaby hockey \u00e0 partir de 5 ans.<br \/>\nRink hockey\u00a0: entra\u00eenements et comp\u00e9titions \u00e0 partir de 8 ans.<br \/>\nToutes les activit\u00e9s des enfants se pratiquent en roller quads (roller 4 roues).<\/p>\n<p><strong>Informations sp\u00e9cifiques<\/strong><\/p>\n<p>Fournir un certificat m\u00e9dical (moins de 3 mois) et une photo.<br \/>\nLe club propose un cours d\u2019essai gratuit.<br \/>\nPr\u00eat de rollers et location (comp\u00e9tition).<\/p>\n<p><em>Cotisations\u00a0:<br \/>\n<\/em><em>Loisirs et \u00e9cole de roller : 100\u20ac<br \/>\n<\/em><em>Comp\u00e9titions : 160\u20ac<br \/>\n<\/em><\/p>\n<p>Vous avez envie de vous investir pour un club et un sport hors du commun, vous ne serez pas d\u00e9\u00e7u. Vous trouverez en tant que parents des \u00e9ducateurs qualifi\u00e9s \u00e0 l\u2019\u00e9coute des enfants. En tant qu\u2019adh\u00e9rent, vous trouverez un cadre pour pratiquer le roller dans les meilleures conditions. Notre club est formateur. Nos jeunes adh\u00e9rents sont initi\u00e9s \u00e0 l\u2019arbitrage et passent les brevets d\u2019initiateur f\u00e9d\u00e9ral s\u2019ils le d\u00e9sirent.<\/p>\n<p><strong>Lieux et horaires<\/strong><\/p>\n<p>Gymnase Paul Langevin. 11, rue Jean Mermoz<\/p>\n<p>Nous g\u00e9rons beaucoup de cat\u00e9gories.<br \/>\nVous pouvez retrouver nos horaires d\u2019entra\u00eenements sur notre site web en scannant ce code.<\/p>\n<p><img loading=\"lazy\" decoding=\"async\" class=\"alignnone wp-image-451 size-thumbnail\" src=\"http:\/\/omsvillejuif.fr\/blog\/wp-content\/uploads\/2017\/06\/QRcode_USVROLLER-150x150.png\" alt=\"\" width=\"150\" height=\"150\" srcset=\"https:\/\/omsvillejuif.fr\/blog\/wp-content\/uploads\/2017\/06\/QRcode_USVROLLER-150x150.png 150w, https:\/\/omsvillejuif.fr\/blog\/wp-content\/uploads\/2017\/06\/QRcode_USVROLLER-300x300.png 300w, https:\/\/omsvillejuif.fr\/blog\/wp-content\/uploads\/2017\/06\/QRcode_USVROLLER.png 330w\" sizes=\"auto, (max-width: 150px) 100vw, 150px\" \/><img loading=\"lazy\" decoding=\"async\" class=\"alignnone  wp-image-1498\" src=\"https:\/\/omsvillejuif.fr\/blog\/wp-content\/uploads\/2021\/06\/LogoUSV.png\" alt=\"\" width=\"177\" height=\"122\" \/><\/p>\n<p>&nbsp;<\/p>\n","protected":false},"excerpt":{"rendered":"<p>Contact Olivier Prott Pr\u00e9sident &nbsp; &nbsp; Descriptif de l\u2019association Apprendre le roller avec un club qui vous accompagnera jusqu\u2019\u00e0 la comp\u00e9tition. Une \u00e9cole de patinage prend en charge les adh\u00e9rents avant de les orienter vers les disciplines pratiqu\u00e9es\u00a0: Rink-hockey pour tous les \u00e2ges en comp\u00e9tition (mixte) Roller derby pour les adultes (pratiqu\u00e9 en majorit\u00e9 par [&hellip;]<\/p>\n","protected":false},"author":2,"featured_media":0,"parent":105,"menu_order":0,"comment_status":"closed","ping_status":"closed","template":"page-templates\/full-width.php","meta":{"footnotes":""},"class_list":["post-127","page","type-page","status-publish","hentry"],"_links":{"self":[{"href":"https:\/\/omsvillejuif.fr\/blog\/wp-json\/wp\/v2\/pages\/127","targetHints":{"allow":["GET"]}}],"collection":[{"href":"https:\/\/omsvillejuif.fr\/blog\/wp-json\/wp\/v2\/pages"}],"about":[{"href":"https:\/\/omsvillejuif.fr\/blog\/wp-json\/wp\/v2\/types\/page"}],"author":[{"embeddable":true,"href":"https:\/\/omsvillejuif.fr\/blog\/wp-json\/wp\/v2\/users\/2"}],"replies":[{"embeddable":true,"href":"https:\/\/omsvillejuif.fr\/blog\/wp-json\/wp\/v2\/comments?post=127"}],"version-history":[{"count":16,"href":"https:\/\/omsvillejuif.fr\/blog\/wp-json\/wp\/v2\/pages\/127\/revisions"}],"predecessor-version":[{"id":1499,"href":"https:\/\/omsvillejuif.fr\/blog\/wp-json\/wp\/v2\/pages\/127\/revisions\/1499"}],"up":[{"embeddable":true,"href":"https:\/\/omsvillejuif.fr\/blog\/wp-json\/wp\/v2\/pages\/105"}],"wp:attachment":[{"href":"https:\/\/omsvillejuif.fr\/blog\/wp-json\/wp\/v2\/media?parent=127"}],"curies":[{"name":"wp","href":"https:\/\/api.w.org\/{rel}","templated":true}]}}